{"id":7302,"date":"2022-07-04T11:01:35","date_gmt":"2022-07-04T09:01:35","guid":{"rendered":"https:\/\/cetoni.de\/?page_id=7302"},"modified":"2022-07-04T15:23:41","modified_gmt":"2022-07-04T13:23:41","slug":"geraeteruecknahme","status":"publish","type":"page","link":"https:\/\/cetoni.com\/de\/geraeteruecknahme\/","title":{"rendered":"Ger\u00e4ter\u00fccknahme"},"content":{"rendered":"[vc_row type=&#8220;full_width_content&#8220; full_screen_row_position=&#8220;middle&#8220; column_margin=&#8220;none&#8220; column_direction=&#8220;default&#8220; column_direction_tablet=&#8220;default&#8220; column_direction_phone=&#8220;default&#8220; scene_position=&#8220;center&#8220; text_color=&#8220;dark&#8220; text_align=&#8220;left&#8220; row_border_radius=&#8220;none&#8220; row_border_radius_applies=&#8220;bg&#8220; overlay_strength=&#8220;0.3&#8243; gradient_direction=&#8220;left_to_right&#8220; shape_divider_position=&#8220;bottom&#8220; bg_image_animation=&#8220;none&#8220; shape_type=&#8220;&#8220;][vc_column column_padding=&#8220;padding-4-percent&#8220; column_padding_tablet=&#8220;inherit&#8220; column_padding_phone=&#8220;inherit&#8220; column_padding_position=&#8220;all&#8220; background_color_opacity=&#8220;1&#8243; background_hover_color_opacity=&#8220;1&#8243; column_shadow=&#8220;none&#8220; column_border_radius=&#8220;none&#8220; column_link_target=&#8220;_self&#8220; gradient_direction=&#8220;left_to_right&#8220; overlay_strength=&#8220;0.3&#8243; width=&#8220;1\/1&#8243; tablet_width_inherit=&#8220;default&#8220; tablet_text_alignment=&#8220;default&#8220; phone_text_alignment=&#8220;default&#8220; column_border_width=&#8220;none&#8220; column_border_style=&#8220;solid&#8220; bg_image_animation=&#8220;none&#8220;][vc_column_text]\n<h2>Ger\u00e4ter\u00fccknahmekonzept<\/h2>\n<p>Das Elektro- und Elektronikger\u00e4tegesetz (ElektroG) setzt die europ\u00e4ische WEEE-Richtlinie 2012\/19\/EU in deutsches Recht um. Es regelt das Inverkehrbringen, die R\u00fccknahme und die umweltvertr\u00e4gliche Entsorgung von Elektro- und Elektronikger\u00e4ten.<\/p>\n<p>Wir weisen Sie darauf hin, dass Besitzer von Altger\u00e4ten diese einer vom unsortierten Siedlungsabfall getrennten Erfassung zuzuf\u00fchren haben.\u00a0 Dies wird auch durch das Symbol einer durchgestrichenen M\u00fclltonne auf Elektro- und Elektronikger\u00e4ten angezeigt.<\/p>\n<p><img loading=\"lazy\" decoding=\"async\" class=\" wp-image-7303\" src=\"https:\/\/cetoni.de\/wp-content\/uploads\/muelltone_waste_ear-298x300.png\" alt=\"Elektroaltger\u00e4ter\u00fccknahme_Symbol\" width=\"159\" height=\"160\" srcset=\"https:\/\/cetoni.com\/wp-content\/uploads\/muelltone_waste_ear-298x300.png 298w, https:\/\/cetoni.com\/wp-content\/uploads\/muelltone_waste_ear-150x150.png 150w, https:\/\/cetoni.com\/wp-content\/uploads\/muelltone_waste_ear-100x100.png 100w, https:\/\/cetoni.com\/wp-content\/uploads\/muelltone_waste_ear-140x140.png 140w, https:\/\/cetoni.com\/wp-content\/uploads\/muelltone_waste_ear.png 328w\" sizes=\"auto, (max-width: 159px) 100vw, 159px\" \/><\/p>\n<p>Sie k\u00f6nnen Elektro- bzw. Elektronikaltger\u00e4te, die Sie bei uns gekauft haben, an uns zur\u00fcckgeben. Wir werden diese f\u00fcr Sie kostenlos und fachgerecht entsorgen. Kontaktieren Sie uns dazu auf den bekannten Wegen \u00fcber ihren pers\u00f6nlichen Ansprechpartner oder \u00fcber <a href=\"mailto:info@cetoni.de\">info@cetoni.de<\/a>. Wir werden uns umgehend mit Ihnen in Verbindung setzen und Ihnen alle notwendigen Informationen zur R\u00fccksendung ihrer Ger\u00e4te an unseren Firmenstandort zur Verf\u00fcgung zu stellen. Bitte dekontaminieren Sie die Ger\u00e4te, falls notwendig, vor der R\u00fccksendung und f\u00fcllen Sie die mitgesendete <a href=\"https:\/\/cetoni.de\/downloads\/Dekontaminationserklaerung.pdf\">Dekontaminationserkl\u00e4rung<\/a> aus, um sicherzustellen, dass von ihren Ger\u00e4ten keine Gefahren f\u00fcr Personen, welche mit der Begutachtung, Wiederverwertung sowie Erstbehandlung und Entsorgung betraut sind, ausgehen.<\/p>\n<p>Sie sind nach \u00a719 (1) ElektroG nicht verpflichtet, uns als Hersteller ihre Altger\u00e4te zu \u00fcberlassen. Wenn Sie allerdings von Ihrer R\u00fccksendung an uns absehen, sind Sie als Endnutzer entsprechend \u00a719 (2) dazu verpflichtet, ihr Altger\u00e4t einer Erstbehandlung und Verwertung unter Einhaltung \u00a720 Absatz 2 bis 4 sowie \u00a722 Absatz 1 zu unterziehen und diese an eine zertifizierte Erstbehandlungsanlage zu \u00fcbergeben.<\/p>\n<p>Auf unseren Ger\u00e4ten werden keine pers\u00f6nlichen Daten gespeichert. F\u00fcr den Fall, dass Sie doch auf integrierten Datentr\u00e4gern pers\u00f6nliche Daten speichern sollten, sind Sie vor \u00dcbersendung des Altger\u00e4tes selbst f\u00fcr die L\u00f6schung verantwortlich.[\/vc_column_text][\/vc_column][\/vc_row]\n","protected":false},"excerpt":{"rendered":"<p>[vc_row type=&#8220;full_width_content&#8220; full_screen_row_position=&#8220;middle&#8220; column_margin=&#8220;none&#8220; column_direction=&#8220;default&#8220; column_direction_tablet=&#8220;default&#8220; column_direction_phone=&#8220;default&#8220; scene_position=&#8220;center&#8220; text_color=&#8220;dark&#8220; text_align=&#8220;left&#8220; row_border_radius=&#8220;none&#8220; row_border_radius_applies=&#8220;bg&#8220; overlay_strength=&#8220;0.3&#8243; gradient_direction=&#8220;left_to_right&#8220; shape_divider_position=&#8220;bottom&#8220; bg_image_animation=&#8220;none&#8220; shape_type=&#8220;&#8220;][vc_column column_padding=&#8220;padding-4-percent&#8220; column_padding_tablet=&#8220;inherit&#8220; column_padding_phone=&#8220;inherit&#8220; column_padding_position=&#8220;all&#8220; background_color_opacity=&#8220;1&#8243; background_hover_color_opacity=&#8220;1&#8243; column_shadow=&#8220;none&#8220; column_border_radius=&#8220;none&#8220; column_link_target=&#8220;_self&#8220; gradient_direction=&#8220;left_to_right&#8220; overlay_strength=&#8220;0.3&#8243; width=&#8220;1\/1&#8243; tablet_width_inherit=&#8220;default&#8220;&#8230;<\/p>\n","protected":false},"author":2,"featured_media":0,"parent":0,"menu_order":0,"comment_status":"closed","ping_status":"closed","template":"","meta":{"footnotes":""},"class_list":["post-7302","page","type-page","status-publish"],"yoast_head":"<!-- This site is optimized with the Yoast SEO plugin v27.3 - https:\/\/yoast.com\/product\/yoast-seo-wordpress\/ -->\n<title>Ger\u00e4ter\u00fccknahme - CETONI GmbH<\/title>\n<meta name=\"robots\" content=\"index, follow, max-snippet:-1, max-image-preview:large, max-video-preview:-1\" \/>\n<link rel=\"canonical\" href=\"https:\/\/cetoni.com\/de\/geraeteruecknahme\/\" \/>\n<meta property=\"og:locale\" content=\"de_DE\" \/>\n<meta property=\"og:type\" content=\"article\" \/>\n<meta property=\"og:title\" content=\"Ger\u00e4ter\u00fccknahme - CETONI GmbH\" \/>\n<meta property=\"og:description\" content=\"[vc_row type=&#8220;full_width_content&#8220; full_screen_row_position=&#8220;middle&#8220; column_margin=&#8220;none&#8220; column_direction=&#8220;default&#8220; column_direction_tablet=&#8220;default&#8220; column_direction_phone=&#8220;default&#8220; scene_position=&#8220;center&#8220; text_color=&#8220;dark&#8220; text_align=&#8220;left&#8220; row_border_radius=&#8220;none&#8220; row_border_radius_applies=&#8220;bg&#8220; overlay_strength=&#8220;0.3&#8243; gradient_direction=&#8220;left_to_right&#8220; shape_divider_position=&#8220;bottom&#8220; bg_image_animation=&#8220;none&#8220; shape_type=&#8220;&#8220;][vc_column column_padding=&#8220;padding-4-percent&#8220; column_padding_tablet=&#8220;inherit&#8220; column_padding_phone=&#8220;inherit&#8220; column_padding_position=&#8220;all&#8220; background_color_opacity=&#8220;1&#8243; background_hover_color_opacity=&#8220;1&#8243; column_shadow=&#8220;none&#8220; column_border_radius=&#8220;none&#8220; column_link_target=&#8220;_self&#8220; gradient_direction=&#8220;left_to_right&#8220; overlay_strength=&#8220;0.3&#8243; width=&#8220;1\/1&#8243; tablet_width_inherit=&#8220;default&#8220;...\" \/>\n<meta property=\"og:url\" content=\"https:\/\/cetoni.com\/de\/geraeteruecknahme\/\" \/>\n<meta property=\"og:site_name\" content=\"CETONI GmbH\" \/>\n<meta property=\"article:modified_time\" content=\"2022-07-04T13:23:41+00:00\" \/>\n<meta property=\"og:image\" content=\"https:\/\/cetoni.de\/wp-content\/uploads\/muelltone_waste_ear-298x300.png\" \/>\n<meta name=\"twitter:card\" content=\"summary_large_image\" \/>\n<meta name=\"twitter:label1\" content=\"Gesch\u00e4tzte Lesezeit\" \/>\n\t<meta name=\"twitter:data1\" content=\"2\u00a0Minuten\" \/>\n<script type=\"application\/ld+json\" class=\"yoast-schema-graph\">{\"@context\":\"https:\\\/\\\/schema.org\",\"@graph\":[{\"@type\":\"WebPage\",\"@id\":\"https:\\\/\\\/cetoni.com\\\/de\\\/geraeteruecknahme\\\/\",\"url\":\"https:\\\/\\\/cetoni.com\\\/de\\\/geraeteruecknahme\\\/\",\"name\":\"Ger\u00e4ter\u00fccknahme - CETONI GmbH\",\"isPartOf\":{\"@id\":\"https:\\\/\\\/cetoni.com\\\/de\\\/#website\"},\"primaryImageOfPage\":{\"@id\":\"https:\\\/\\\/cetoni.com\\\/de\\\/geraeteruecknahme\\\/#primaryimage\"},\"image\":{\"@id\":\"https:\\\/\\\/cetoni.com\\\/de\\\/geraeteruecknahme\\\/#primaryimage\"},\"thumbnailUrl\":\"https:\\\/\\\/cetoni.de\\\/wp-content\\\/uploads\\\/muelltone_waste_ear-298x300.png\",\"datePublished\":\"2022-07-04T09:01:35+00:00\",\"dateModified\":\"2022-07-04T13:23:41+00:00\",\"breadcrumb\":{\"@id\":\"https:\\\/\\\/cetoni.com\\\/de\\\/geraeteruecknahme\\\/#breadcrumb\"},\"inLanguage\":\"de\",\"potentialAction\":[{\"@type\":\"ReadAction\",\"target\":[\"https:\\\/\\\/cetoni.com\\\/de\\\/geraeteruecknahme\\\/\"]}]},{\"@type\":\"ImageObject\",\"inLanguage\":\"de\",\"@id\":\"https:\\\/\\\/cetoni.com\\\/de\\\/geraeteruecknahme\\\/#primaryimage\",\"url\":\"https:\\\/\\\/cetoni.de\\\/wp-content\\\/uploads\\\/muelltone_waste_ear-298x300.png\",\"contentUrl\":\"https:\\\/\\\/cetoni.de\\\/wp-content\\\/uploads\\\/muelltone_waste_ear-298x300.png\"},{\"@type\":\"BreadcrumbList\",\"@id\":\"https:\\\/\\\/cetoni.com\\\/de\\\/geraeteruecknahme\\\/#breadcrumb\",\"itemListElement\":[{\"@type\":\"ListItem\",\"position\":1,\"name\":\"Startseite\",\"item\":\"https:\\\/\\\/cetoni.com\\\/de\\\/\"},{\"@type\":\"ListItem\",\"position\":2,\"name\":\"Ger\u00e4ter\u00fccknahme\"}]},{\"@type\":\"WebSite\",\"@id\":\"https:\\\/\\\/cetoni.com\\\/de\\\/#website\",\"url\":\"https:\\\/\\\/cetoni.com\\\/de\\\/\",\"name\":\"CETONI GmbH\",\"description\":\"Automatisierungs- und Mikrofluidikl\u00f6sungen f\u00fcr das Labor\",\"potentialAction\":[{\"@type\":\"SearchAction\",\"target\":{\"@type\":\"EntryPoint\",\"urlTemplate\":\"https:\\\/\\\/cetoni.com\\\/de\\\/?s={search_term_string}\"},\"query-input\":{\"@type\":\"PropertyValueSpecification\",\"valueRequired\":true,\"valueName\":\"search_term_string\"}}],\"inLanguage\":\"de\"}]}<\/script>\n<!-- \/ Yoast SEO plugin. -->","yoast_head_json":{"title":"Ger\u00e4ter\u00fccknahme - CETONI GmbH","robots":{"index":"index","follow":"follow","max-snippet":"max-snippet:-1","max-image-preview":"max-image-preview:large","max-video-preview":"max-video-preview:-1"},"canonical":"https:\/\/cetoni.com\/de\/geraeteruecknahme\/","og_locale":"de_DE","og_type":"article","og_title":"Ger\u00e4ter\u00fccknahme - CETONI GmbH","og_description":"[vc_row type=&#8220;full_width_content&#8220; full_screen_row_position=&#8220;middle&#8220; column_margin=&#8220;none&#8220; column_direction=&#8220;default&#8220; column_direction_tablet=&#8220;default&#8220; column_direction_phone=&#8220;default&#8220; scene_position=&#8220;center&#8220; text_color=&#8220;dark&#8220; text_align=&#8220;left&#8220; row_border_radius=&#8220;none&#8220; row_border_radius_applies=&#8220;bg&#8220; overlay_strength=&#8220;0.3&#8243; gradient_direction=&#8220;left_to_right&#8220; shape_divider_position=&#8220;bottom&#8220; bg_image_animation=&#8220;none&#8220; shape_type=&#8220;&#8220;][vc_column column_padding=&#8220;padding-4-percent&#8220; column_padding_tablet=&#8220;inherit&#8220; column_padding_phone=&#8220;inherit&#8220; column_padding_position=&#8220;all&#8220; background_color_opacity=&#8220;1&#8243; background_hover_color_opacity=&#8220;1&#8243; column_shadow=&#8220;none&#8220; column_border_radius=&#8220;none&#8220; column_link_target=&#8220;_self&#8220; gradient_direction=&#8220;left_to_right&#8220; overlay_strength=&#8220;0.3&#8243; width=&#8220;1\/1&#8243; tablet_width_inherit=&#8220;default&#8220;...","og_url":"https:\/\/cetoni.com\/de\/geraeteruecknahme\/","og_site_name":"CETONI GmbH","article_modified_time":"2022-07-04T13:23:41+00:00","og_image":[{"url":"https:\/\/cetoni.de\/wp-content\/uploads\/muelltone_waste_ear-298x300.png","type":"","width":"","height":""}],"twitter_card":"summary_large_image","twitter_misc":{"Gesch\u00e4tzte Lesezeit":"2\u00a0Minuten"},"schema":{"@context":"https:\/\/schema.org","@graph":[{"@type":"WebPage","@id":"https:\/\/cetoni.com\/de\/geraeteruecknahme\/","url":"https:\/\/cetoni.com\/de\/geraeteruecknahme\/","name":"Ger\u00e4ter\u00fccknahme - CETONI GmbH","isPartOf":{"@id":"https:\/\/cetoni.com\/de\/#website"},"primaryImageOfPage":{"@id":"https:\/\/cetoni.com\/de\/geraeteruecknahme\/#primaryimage"},"image":{"@id":"https:\/\/cetoni.com\/de\/geraeteruecknahme\/#primaryimage"},"thumbnailUrl":"https:\/\/cetoni.de\/wp-content\/uploads\/muelltone_waste_ear-298x300.png","datePublished":"2022-07-04T09:01:35+00:00","dateModified":"2022-07-04T13:23:41+00:00","breadcrumb":{"@id":"https:\/\/cetoni.com\/de\/geraeteruecknahme\/#breadcrumb"},"inLanguage":"de","potentialAction":[{"@type":"ReadAction","target":["https:\/\/cetoni.com\/de\/geraeteruecknahme\/"]}]},{"@type":"ImageObject","inLanguage":"de","@id":"https:\/\/cetoni.com\/de\/geraeteruecknahme\/#primaryimage","url":"https:\/\/cetoni.de\/wp-content\/uploads\/muelltone_waste_ear-298x300.png","contentUrl":"https:\/\/cetoni.de\/wp-content\/uploads\/muelltone_waste_ear-298x300.png"},{"@type":"BreadcrumbList","@id":"https:\/\/cetoni.com\/de\/geraeteruecknahme\/#breadcrumb","itemListElement":[{"@type":"ListItem","position":1,"name":"Startseite","item":"https:\/\/cetoni.com\/de\/"},{"@type":"ListItem","position":2,"name":"Ger\u00e4ter\u00fccknahme"}]},{"@type":"WebSite","@id":"https:\/\/cetoni.com\/de\/#website","url":"https:\/\/cetoni.com\/de\/","name":"CETONI GmbH","description":"Automatisierungs- und Mikrofluidikl\u00f6sungen f\u00fcr das Labor","potentialAction":[{"@type":"SearchAction","target":{"@type":"EntryPoint","urlTemplate":"https:\/\/cetoni.com\/de\/?s={search_term_string}"},"query-input":{"@type":"PropertyValueSpecification","valueRequired":true,"valueName":"search_term_string"}}],"inLanguage":"de"}]}},"_links":{"self":[{"href":"https:\/\/cetoni.com\/de\/wp-json\/wp\/v2\/pages\/7302","targetHints":{"allow":["GET"]}}],"collection":[{"href":"https:\/\/cetoni.com\/de\/wp-json\/wp\/v2\/pages"}],"about":[{"href":"https:\/\/cetoni.com\/de\/wp-json\/wp\/v2\/types\/page"}],"author":[{"embeddable":true,"href":"https:\/\/cetoni.com\/de\/wp-json\/wp\/v2\/users\/2"}],"replies":[{"embeddable":true,"href":"https:\/\/cetoni.com\/de\/wp-json\/wp\/v2\/comments?post=7302"}],"version-history":[{"count":0,"href":"https:\/\/cetoni.com\/de\/wp-json\/wp\/v2\/pages\/7302\/revisions"}],"wp:attachment":[{"href":"https:\/\/cetoni.com\/de\/wp-json\/wp\/v2\/media?parent=7302"}],"curies":[{"name":"wp","href":"https:\/\/api.w.org\/{rel}","templated":true}]}}