{"id":5341,"date":"2021-06-15T14:47:32","date_gmt":"2021-06-15T12:47:32","guid":{"rendered":"https:\/\/cobomation.de\/?page_id=5341"},"modified":"2026-02-17T10:37:57","modified_gmt":"2026-02-17T09:37:57","slug":"beratung","status":"publish","type":"page","link":"https:\/\/cetoni.com\/de\/beratung\/","title":{"rendered":"Individuelle Anwendungsberatung"},"content":{"rendered":"[vc_row type=&#8220;in_container&#8220; full_screen_row_position=&#8220;middle&#8220; column_margin=&#8220;default&#8220; equal_height=&#8220;yes&#8220; content_placement=&#8220;top&#8220; column_direction=&#8220;default&#8220; column_direction_tablet=&#8220;default&#8220; column_direction_phone=&#8220;default&#8220; scene_position=&#8220;center&#8220; text_color=&#8220;dark&#8220; text_align=&#8220;left&#8220; row_border_radius=&#8220;none&#8220; row_border_radius_applies=&#8220;bg&#8220; row_position_desktop=&#8220;default&#8220; row_position_tablet=&#8220;inherit&#8220; row_position_phone=&#8220;inherit&#8220; overflow=&#8220;visible&#8220; overlay_strength=&#8220;0.3&#8243; gradient_direction=&#8220;left_to_right&#8220; shape_divider_position=&#8220;bottom&#8220; bg_image_animation=&#8220;none&#8220; shape_type=&#8220;&#8220;][vc_column column_padding=&#8220;padding-3-percent&#8220; column_padding_tablet=&#8220;inherit&#8220; column_padding_phone=&#8220;inherit&#8220; column_padding_position=&#8220;all&#8220; top_margin=&#8220;30&#8243; bottom_margin=&#8220;30&#8243; flex_gap_desktop=&#8220;10px&#8220; column_element_direction_desktop=&#8220;default&#8220; column_element_spacing=&#8220;default&#8220; centered_text=&#8220;true&#8220; desktop_text_alignment=&#8220;default&#8220; tablet_text_alignment=&#8220;default&#8220; phone_text_alignment=&#8220;default&#8220; background_color_opacity=&#8220;1&#8243; background_hover_color_opacity=&#8220;1&#8243; column_backdrop_filter=&#8220;none&#8220; column_shadow=&#8220;none&#8220; column_border_radius=&#8220;none&#8220; column_link_target=&#8220;_self&#8220; column_position=&#8220;default&#8220; gradient_direction=&#8220;left_to_right&#8220; overlay_strength=&#8220;0.3&#8243; width=&#8220;1\/1&#8243; tablet_width_inherit=&#8220;default&#8220; animation_type=&#8220;default&#8220; bg_image_animation=&#8220;none&#8220; border_type=&#8220;simple&#8220; column_border_width=&#8220;none&#8220; column_border_style=&#8220;solid&#8220;][vc_column_text]\n<h1 style=\"text-align: center;\">Solution Consulting<\/h1>\n[\/vc_column_text][vc_column_text css=&#8220;&#8220; text_direction=&#8220;default&#8220;]\n<h3 style=\"text-align: center;\">Wir schaffen neu, wir integrieren uns nahtlos, wir \u00f6ffnen die T\u00fcr f\u00fcr neue Ziele.<\/h3>\n[\/vc_column_text][\/vc_column][\/vc_row][vc_row type=&#8220;full_width_content&#8220; full_screen_row_position=&#8220;middle&#8220; column_margin=&#8220;none&#8220; equal_height=&#8220;yes&#8220; column_direction=&#8220;default&#8220; column_direction_tablet=&#8220;default&#8220; column_direction_phone=&#8220;default&#8220; scene_position=&#8220;center&#8220; text_color=&#8220;dark&#8220; text_align=&#8220;left&#8220; row_border_radius=&#8220;none&#8220; row_border_radius_applies=&#8220;bg&#8220; row_position_desktop=&#8220;default&#8220; row_position_tablet=&#8220;inherit&#8220; row_position_phone=&#8220;inherit&#8220; overflow=&#8220;visible&#8220; enable_gradient=&#8220;true&#8220; color_overlay=&#8220;#ffffff&#8220; color_overlay_2=&#8220;#d0dae3&#8243; overlay_strength=&#8220;0.3&#8243; gradient_direction=&#8220;top_to_bottom&#8220; shape_divider_position=&#8220;bottom&#8220; bg_image_animation=&#8220;none&#8220; shape_type=&#8220;&#8220;][vc_column column_padding=&#8220;no-extra-padding&#8220; column_padding_tablet=&#8220;inherit&#8220; column_padding_phone=&#8220;inherit&#8220; column_padding_position=&#8220;all&#8220; flex_gap_desktop=&#8220;10px&#8220; column_element_direction_desktop=&#8220;default&#8220; column_element_spacing=&#8220;default&#8220; centered_text=&#8220;true&#8220; desktop_text_alignment=&#8220;default&#8220; tablet_text_alignment=&#8220;default&#8220; phone_text_alignment=&#8220;default&#8220; background_color_opacity=&#8220;1&#8243; background_hover_color_opacity=&#8220;1&#8243; background_image=&#8220;7259&#8243; background_image_type=&#8220;default&#8220; background_image_position=&#8220;left center&#8220; background_image_stacking=&#8220;default&#8220; enable_bg_scale=&#8220;true&#8220; background_image_loading=&#8220;default&#8220; column_backdrop_filter=&#8220;none&#8220; column_shadow=&#8220;none&#8220; column_border_radius=&#8220;none&#8220; column_link_target=&#8220;_self&#8220; column_position=&#8220;default&#8220; color_overlay_2=&#8220;#1b93f0&#8243; gradient_direction=&#8220;left_to_right&#8220; overlay_strength=&#8220;0.3&#8243; width=&#8220;1\/2&#8243; tablet_width_inherit=&#8220;default&#8220; animation_type=&#8220;default&#8220; bg_image_animation=&#8220;none&#8220; border_type=&#8220;simple&#8220; column_border_width=&#8220;none&#8220; column_border_style=&#8220;solid&#8220;][divider line_type=&#8220;No Line&#8220; custom_height=&#8220;450&#8243;][\/vc_column][vc_column column_padding=&#8220;padding-5-percent&#8220; column_padding_tablet=&#8220;inherit&#8220; column_padding_phone=&#8220;inherit&#8220; column_padding_position=&#8220;all&#8220; flex_gap_desktop=&#8220;10px&#8220; column_element_direction_desktop=&#8220;default&#8220; column_element_spacing=&#8220;default&#8220; desktop_text_alignment=&#8220;default&#8220; tablet_text_alignment=&#8220;default&#8220; phone_text_alignment=&#8220;default&#8220; background_color_opacity=&#8220;1&#8243; background_hover_color_opacity=&#8220;1&#8243; column_backdrop_filter=&#8220;none&#8220; column_shadow=&#8220;none&#8220; column_border_radius=&#8220;none&#8220; column_link_target=&#8220;_self&#8220; column_position=&#8220;default&#8220; gradient_direction=&#8220;left_to_right&#8220; overlay_strength=&#8220;0.3&#8243; width=&#8220;1\/2&#8243; tablet_width_inherit=&#8220;default&#8220; animation_type=&#8220;default&#8220; bg_image_animation=&#8220;none&#8220; border_type=&#8220;simple&#8220; column_border_width=&#8220;none&#8220; column_border_style=&#8220;solid&#8220;][vc_column_text]Schon immer ist es unsere Leidenschaft, die komplexen Ideen unserer Kunden mit kreativen Ans\u00e4tzen und Erfahrungen in funktionierende Automationsl\u00f6sungen zu verwandeln. Seit zwei Jahrzehnten liegt unser besonderes Augenmerk dabei auf der Automatisierung von Laborprozessen, vor allem mit mikrofluidischen Methoden und Technologien.<\/p>\n<ul>\n<li>Nutzen Sie unser umfangreiches Grundlagenverst\u00e4ndnis, um Ihren Prozess systemisch optimal zu unterst\u00fctzen.<\/li>\n<li>Nutzen Sie unsere umfassende Systemkompetenz, die es uns erm\u00f6glicht, Ihre Herausforderung, Ihre Methodik und Ihre Zielsetzung gemeinsam mit Ihnen in individuelle Hard- und\/oder Software L\u00f6sungen zu \u00fcbertragen.<\/li>\n<li>Nutzen Sie unsere erprobte Realisierungskompetenz f\u00fcr eine effiziente und reibungsfreie Implementation sowie eine sichere Integration in vorhandene Unternehmenstechnologie.<\/li>\n<li>Profitieren Sie von unserer N\u00e4he und Beratungskompetenz f\u00fcr allgemeine und spezifische Fragen zu unseren Produkten und L\u00f6sungen im Bereich der Automation und Mikrofluidik.<\/li>\n<\/ul>\n<p>In diesem Sinne verstehen wir uns bei CETONI als Partner und M\u00f6glichmacher f\u00fcr alle, die sich hohe Ziele gesteckt haben, kreative Ideen umsetzen wollen und sich nicht scheuen Herausforderungen anzunehmen.[\/vc_column_text][divider line_type=&#8220;No Line&#8220; custom_height=&#8220;50&#8243;][vc_column_text css=&#8220;&#8220; text_direction=&#8220;default&#8220;]\n<h3>Sales &amp; Applikationsteam<\/h3>\n<ul>\n<li>Mo-Fr von 8:00-12:00 | 13:00 &#8211; 16:45 Uhr<\/li>\n<li>Rufnummer +49 (0) 36602 338-80<\/li>\n<li>oder Email an <a title=\"E-Mail Christian Kirscht\" href=\"mailto:application@cetoni.de\">application@cetoni.de<\/a><\/li>\n<\/ul>\n[\/vc_column_text][\/vc_column][\/vc_row][vc_row type=&#8220;full_width_content&#8220; full_screen_row_position=&#8220;middle&#8220; column_margin=&#8220;default&#8220; column_direction=&#8220;default&#8220; column_direction_tablet=&#8220;default&#8220; column_direction_phone=&#8220;default&#8220; scene_position=&#8220;center&#8220; text_color=&#8220;dark&#8220; text_align=&#8220;left&#8220; row_border_radius=&#8220;none&#8220; row_border_radius_applies=&#8220;bg&#8220; row_position_desktop=&#8220;default&#8220; row_position_tablet=&#8220;inherit&#8220; row_position_phone=&#8220;inherit&#8220; overflow=&#8220;visible&#8220; overlay_strength=&#8220;0.3&#8243; gradient_direction=&#8220;left_to_right&#8220; shape_divider_position=&#8220;bottom&#8220; bg_image_animation=&#8220;none&#8220; shape_type=&#8220;&#8220;][vc_column column_padding=&#8220;padding-4-percent&#8220; column_padding_tablet=&#8220;inherit&#8220; column_padding_phone=&#8220;inherit&#8220; column_padding_position=&#8220;all&#8220; flex_gap_desktop=&#8220;10px&#8220; column_element_direction_desktop=&#8220;default&#8220; column_element_spacing=&#8220;default&#8220; centered_text=&#8220;true&#8220; desktop_text_alignment=&#8220;default&#8220; tablet_text_alignment=&#8220;default&#8220; phone_text_alignment=&#8220;default&#8220; background_color_opacity=&#8220;1&#8243; background_hover_color_opacity=&#8220;1&#8243; column_backdrop_filter=&#8220;none&#8220; column_shadow=&#8220;none&#8220; column_border_radius=&#8220;none&#8220; column_link_target=&#8220;_self&#8220; column_position=&#8220;default&#8220; gradient_direction=&#8220;left_to_right&#8220; overlay_strength=&#8220;0.3&#8243; width=&#8220;1\/1&#8243; tablet_width_inherit=&#8220;default&#8220; animation_type=&#8220;default&#8220; bg_image_animation=&#8220;none&#8220; border_type=&#8220;simple&#8220; column_border_width=&#8220;none&#8220; column_border_style=&#8220;solid&#8220;][vc_column_text css=&#8220;&#8220; text_direction=&#8220;default&#8220;]\n<h2>Welchen Prozess m\u00f6chten Sie abbilden?<\/h2>\n<h2><a href=\"callto:+493660233880\">+49 (0) 36602 338-80<\/a><\/h2>\n<p><a href=\"mailto:application@cetoni.de\">application@cetoni.de<\/a>[\/vc_column_text][\/vc_column][\/vc_row]\n","protected":false},"excerpt":{"rendered":"<p>[vc_row type=&#8220;in_container&#8220; full_screen_row_position=&#8220;middle&#8220; column_margin=&#8220;default&#8220; equal_height=&#8220;yes&#8220; content_placement=&#8220;top&#8220; column_direction=&#8220;default&#8220; column_direction_tablet=&#8220;default&#8220; column_direction_phone=&#8220;default&#8220; scene_position=&#8220;center&#8220; text_color=&#8220;dark&#8220; text_align=&#8220;left&#8220; row_border_radius=&#8220;none&#8220; row_border_radius_applies=&#8220;bg&#8220; row_position_desktop=&#8220;default&#8220; row_position_tablet=&#8220;inherit&#8220; row_position_phone=&#8220;inherit&#8220; overflow=&#8220;visible&#8220; overlay_strength=&#8220;0.3&#8243; gradient_direction=&#8220;left_to_right&#8220; shape_divider_position=&#8220;bottom&#8220; bg_image_animation=&#8220;none&#8220; shape_type=&#8220;&#8220;][vc_column column_padding=&#8220;padding-3-percent&#8220; column_padding_tablet=&#8220;inherit&#8220; column_padding_phone=&#8220;inherit&#8220; column_padding_position=&#8220;all&#8220; top_margin=&#8220;30&#8243; bottom_margin=&#8220;30&#8243; flex_gap_desktop=&#8220;10px&#8220;&#8230;<\/p>\n","protected":false},"author":1,"featured_media":0,"parent":0,"menu_order":0,"comment_status":"closed","ping_status":"closed","template":"","meta":{"footnotes":""},"class_list":["post-5341","page","type-page","status-publish"],"yoast_head":"<!-- This site is optimized with the Yoast SEO plugin v27.4 - https:\/\/yoast.com\/product\/yoast-seo-wordpress\/ -->\n<title>Individuelle L\u00f6sungen f\u00fcr Ihre Prozesse. Jetzt beraten lassen!<\/title>\n<meta name=\"description\" content=\"Sie suchen individuelle L\u00f6sungen f\u00fcr die Automatisierung Ihrer Laborprozesse? Unsere Experten beraten Sie kostenlos, unverbindlich und ma\u00dfgeschneidert auf Ihre Anforderungen. Wir finden die perfekte Balance zwischen Pr\u00e4zision, Flexibilit\u00e4t und Skalierbarkeit\" \/>\n<meta name=\"robots\" content=\"index, follow, max-snippet:-1, max-image-preview:large, max-video-preview:-1\" \/>\n<link rel=\"canonical\" href=\"https:\/\/cetoni.com\/de\/beratung\/\" \/>\n<meta property=\"og:locale\" content=\"de_DE\" \/>\n<meta property=\"og:type\" content=\"article\" \/>\n<meta property=\"og:title\" content=\"Individuelle L\u00f6sungen f\u00fcr Ihre Prozesse. Jetzt beraten lassen!\" \/>\n<meta property=\"og:description\" content=\"Sie suchen individuelle L\u00f6sungen f\u00fcr die Automatisierung Ihrer Laborprozesse? Unsere Experten beraten Sie kostenlos, unverbindlich und ma\u00dfgeschneidert auf Ihre Anforderungen. Wir finden die perfekte Balance zwischen Pr\u00e4zision, Flexibilit\u00e4t und Skalierbarkeit\" \/>\n<meta property=\"og:url\" content=\"https:\/\/cetoni.com\/de\/beratung\/\" \/>\n<meta property=\"og:site_name\" content=\"CETONI GmbH\" \/>\n<meta property=\"article:modified_time\" content=\"2026-02-17T09:37:57+00:00\" \/>\n<meta name=\"twitter:card\" content=\"summary_large_image\" \/>\n<meta name=\"twitter:label1\" content=\"Gesch\u00e4tzte Lesezeit\" \/>\n\t<meta name=\"twitter:data1\" content=\"2\u00a0Minuten\" \/>\n<script type=\"application\/ld+json\" class=\"yoast-schema-graph\">{\"@context\":\"https:\\\/\\\/schema.org\",\"@graph\":[{\"@type\":\"WebPage\",\"@id\":\"https:\\\/\\\/cetoni.com\\\/de\\\/beratung\\\/\",\"url\":\"https:\\\/\\\/cetoni.com\\\/de\\\/beratung\\\/\",\"name\":\"Individuelle L\u00f6sungen f\u00fcr Ihre Prozesse. Jetzt beraten lassen!\",\"isPartOf\":{\"@id\":\"https:\\\/\\\/cetoni.com\\\/de\\\/#website\"},\"datePublished\":\"2021-06-15T12:47:32+00:00\",\"dateModified\":\"2026-02-17T09:37:57+00:00\",\"description\":\"Sie suchen individuelle L\u00f6sungen f\u00fcr die Automatisierung Ihrer Laborprozesse? Unsere Experten beraten Sie kostenlos, unverbindlich und ma\u00dfgeschneidert auf Ihre Anforderungen. Wir finden die perfekte Balance zwischen Pr\u00e4zision, Flexibilit\u00e4t und Skalierbarkeit\",\"breadcrumb\":{\"@id\":\"https:\\\/\\\/cetoni.com\\\/de\\\/beratung\\\/#breadcrumb\"},\"inLanguage\":\"de\",\"potentialAction\":[{\"@type\":\"ReadAction\",\"target\":[\"https:\\\/\\\/cetoni.com\\\/de\\\/beratung\\\/\"]}]},{\"@type\":\"BreadcrumbList\",\"@id\":\"https:\\\/\\\/cetoni.com\\\/de\\\/beratung\\\/#breadcrumb\",\"itemListElement\":[{\"@type\":\"ListItem\",\"position\":1,\"name\":\"Startseite\",\"item\":\"https:\\\/\\\/cetoni.com\\\/de\\\/\"},{\"@type\":\"ListItem\",\"position\":2,\"name\":\"Individuelle Anwendungsberatung\"}]},{\"@type\":\"WebSite\",\"@id\":\"https:\\\/\\\/cetoni.com\\\/de\\\/#website\",\"url\":\"https:\\\/\\\/cetoni.com\\\/de\\\/\",\"name\":\"CETONI GmbH\",\"description\":\"Automatisierungs- und Mikrofluidikl\u00f6sungen f\u00fcr das Labor\",\"potentialAction\":[{\"@type\":\"SearchAction\",\"target\":{\"@type\":\"EntryPoint\",\"urlTemplate\":\"https:\\\/\\\/cetoni.com\\\/de\\\/?s={search_term_string}\"},\"query-input\":{\"@type\":\"PropertyValueSpecification\",\"valueRequired\":true,\"valueName\":\"search_term_string\"}}],\"inLanguage\":\"de\"}]}<\/script>\n<!-- \/ Yoast SEO plugin. -->","yoast_head_json":{"title":"Individuelle L\u00f6sungen f\u00fcr Ihre Prozesse. Jetzt beraten lassen!","description":"Sie suchen individuelle L\u00f6sungen f\u00fcr die Automatisierung Ihrer Laborprozesse? Unsere Experten beraten Sie kostenlos, unverbindlich und ma\u00dfgeschneidert auf Ihre Anforderungen. Wir finden die perfekte Balance zwischen Pr\u00e4zision, Flexibilit\u00e4t und Skalierbarkeit","robots":{"index":"index","follow":"follow","max-snippet":"max-snippet:-1","max-image-preview":"max-image-preview:large","max-video-preview":"max-video-preview:-1"},"canonical":"https:\/\/cetoni.com\/de\/beratung\/","og_locale":"de_DE","og_type":"article","og_title":"Individuelle L\u00f6sungen f\u00fcr Ihre Prozesse. Jetzt beraten lassen!","og_description":"Sie suchen individuelle L\u00f6sungen f\u00fcr die Automatisierung Ihrer Laborprozesse? Unsere Experten beraten Sie kostenlos, unverbindlich und ma\u00dfgeschneidert auf Ihre Anforderungen. Wir finden die perfekte Balance zwischen Pr\u00e4zision, Flexibilit\u00e4t und Skalierbarkeit","og_url":"https:\/\/cetoni.com\/de\/beratung\/","og_site_name":"CETONI GmbH","article_modified_time":"2026-02-17T09:37:57+00:00","twitter_card":"summary_large_image","twitter_misc":{"Gesch\u00e4tzte Lesezeit":"2\u00a0Minuten"},"schema":{"@context":"https:\/\/schema.org","@graph":[{"@type":"WebPage","@id":"https:\/\/cetoni.com\/de\/beratung\/","url":"https:\/\/cetoni.com\/de\/beratung\/","name":"Individuelle L\u00f6sungen f\u00fcr Ihre Prozesse. Jetzt beraten lassen!","isPartOf":{"@id":"https:\/\/cetoni.com\/de\/#website"},"datePublished":"2021-06-15T12:47:32+00:00","dateModified":"2026-02-17T09:37:57+00:00","description":"Sie suchen individuelle L\u00f6sungen f\u00fcr die Automatisierung Ihrer Laborprozesse? Unsere Experten beraten Sie kostenlos, unverbindlich und ma\u00dfgeschneidert auf Ihre Anforderungen. Wir finden die perfekte Balance zwischen Pr\u00e4zision, Flexibilit\u00e4t und Skalierbarkeit","breadcrumb":{"@id":"https:\/\/cetoni.com\/de\/beratung\/#breadcrumb"},"inLanguage":"de","potentialAction":[{"@type":"ReadAction","target":["https:\/\/cetoni.com\/de\/beratung\/"]}]},{"@type":"BreadcrumbList","@id":"https:\/\/cetoni.com\/de\/beratung\/#breadcrumb","itemListElement":[{"@type":"ListItem","position":1,"name":"Startseite","item":"https:\/\/cetoni.com\/de\/"},{"@type":"ListItem","position":2,"name":"Individuelle Anwendungsberatung"}]},{"@type":"WebSite","@id":"https:\/\/cetoni.com\/de\/#website","url":"https:\/\/cetoni.com\/de\/","name":"CETONI GmbH","description":"Automatisierungs- und Mikrofluidikl\u00f6sungen f\u00fcr das Labor","potentialAction":[{"@type":"SearchAction","target":{"@type":"EntryPoint","urlTemplate":"https:\/\/cetoni.com\/de\/?s={search_term_string}"},"query-input":{"@type":"PropertyValueSpecification","valueRequired":true,"valueName":"search_term_string"}}],"inLanguage":"de"}]}},"_links":{"self":[{"href":"https:\/\/cetoni.com\/de\/wp-json\/wp\/v2\/pages\/5341","targetHints":{"allow":["GET"]}}],"collection":[{"href":"https:\/\/cetoni.com\/de\/wp-json\/wp\/v2\/pages"}],"about":[{"href":"https:\/\/cetoni.com\/de\/wp-json\/wp\/v2\/types\/page"}],"author":[{"embeddable":true,"href":"https:\/\/cetoni.com\/de\/wp-json\/wp\/v2\/users\/1"}],"replies":[{"embeddable":true,"href":"https:\/\/cetoni.com\/de\/wp-json\/wp\/v2\/comments?post=5341"}],"version-history":[{"count":7,"href":"https:\/\/cetoni.com\/de\/wp-json\/wp\/v2\/pages\/5341\/revisions"}],"predecessor-version":[{"id":8816,"href":"https:\/\/cetoni.com\/de\/wp-json\/wp\/v2\/pages\/5341\/revisions\/8816"}],"wp:attachment":[{"href":"https:\/\/cetoni.com\/de\/wp-json\/wp\/v2\/media?parent=5341"}],"curies":[{"name":"wp","href":"https:\/\/api.w.org\/{rel}","templated":true}]}}