{"id":2665,"date":"2021-02-12T15:38:11","date_gmt":"2021-02-12T14:38:11","guid":{"rendered":"https:\/\/cobomation.de\/?page_id=2665"},"modified":"2021-06-14T15:57:08","modified_gmt":"2021-06-14T13:57:08","slug":"nemesys-plugin","status":"publish","type":"page","link":"https:\/\/cetoni.com\/de\/cetoni-elements\/nemesys-plugin\/","title":{"rendered":"Nemesys PlugIn"},"content":{"rendered":"[vc_row type=&#8220;full_width_background&#8220; full_screen_row_position=&#8220;middle&#8220; column_margin=&#8220;default&#8220; column_direction=&#8220;default&#8220; column_direction_tablet=&#8220;default&#8220; column_direction_phone=&#8220;default&#8220; scene_position=&#8220;center&#8220; text_color=&#8220;dark&#8220; text_align=&#8220;left&#8220; row_border_radius=&#8220;none&#8220; row_border_radius_applies=&#8220;bg&#8220; overlay_strength=&#8220;0.3&#8243; gradient_direction=&#8220;left_to_right&#8220; shape_divider_position=&#8220;bottom&#8220; bg_image_animation=&#8220;none&#8220; shape_type=&#8220;&#8220;][vc_column column_padding=&#8220;padding-1-percent&#8220; column_padding_tablet=&#8220;inherit&#8220; column_padding_phone=&#8220;inherit&#8220; column_padding_position=&#8220;all&#8220; background_color_opacity=&#8220;1&#8243; background_hover_color_opacity=&#8220;1&#8243; column_shadow=&#8220;none&#8220; column_border_radius=&#8220;none&#8220; column_link_target=&#8220;_self&#8220; gradient_direction=&#8220;left_to_right&#8220; overlay_strength=&#8220;0.3&#8243; width=&#8220;1\/1&#8243; tablet_width_inherit=&#8220;default&#8220; tablet_text_alignment=&#8220;default&#8220; phone_text_alignment=&#8220;default&#8220; column_border_width=&#8220;none&#8220; column_border_style=&#8220;solid&#8220; bg_image_animation=&#8220;none&#8220;][vc_column_text css=&#8220;.vc_custom_1613140438837{padding-right: 30px !important;padding-bottom: 30px !important;padding-left: 30px !important;}&#8220;]\n<h2 style=\"text-align: center;\">Nemesys PlugIn<\/h2>\n[\/vc_column_text][\/vc_column][\/vc_row][vc_row type=&#8220;full_width_background&#8220; full_screen_row_position=&#8220;middle&#8220; column_margin=&#8220;default&#8220; column_direction=&#8220;default&#8220; column_direction_tablet=&#8220;default&#8220; column_direction_phone=&#8220;default&#8220; scene_position=&#8220;center&#8220; text_color=&#8220;dark&#8220; text_align=&#8220;left&#8220; row_border_radius=&#8220;none&#8220; row_border_radius_applies=&#8220;bg&#8220; overlay_strength=&#8220;0.3&#8243; gradient_direction=&#8220;top_to_bottom&#8220; shape_divider_position=&#8220;bottom&#8220; bg_image_animation=&#8220;none&#8220; shape_type=&#8220;&#8220;][vc_column column_padding=&#8220;no-extra-padding&#8220; column_padding_tablet=&#8220;inherit&#8220; column_padding_phone=&#8220;inherit&#8220; column_padding_position=&#8220;all&#8220; background_color_opacity=&#8220;1&#8243; background_hover_color_opacity=&#8220;1&#8243; column_shadow=&#8220;none&#8220; column_border_radius=&#8220;none&#8220; column_link_target=&#8220;_self&#8220; gradient_direction=&#8220;left_to_right&#8220; overlay_strength=&#8220;0.3&#8243; width=&#8220;1\/6&#8243; tablet_width_inherit=&#8220;default&#8220; tablet_text_alignment=&#8220;default&#8220; phone_text_alignment=&#8220;default&#8220; column_border_width=&#8220;none&#8220; column_border_style=&#8220;solid&#8220; bg_image_animation=&#8220;none&#8220;][\/vc_column][vc_column column_padding=&#8220;no-extra-padding&#8220; column_padding_tablet=&#8220;inherit&#8220; column_padding_phone=&#8220;inherit&#8220; column_padding_position=&#8220;all&#8220; background_color_opacity=&#8220;1&#8243; background_hover_color_opacity=&#8220;1&#8243; column_shadow=&#8220;none&#8220; column_border_radius=&#8220;none&#8220; column_link_target=&#8220;_self&#8220; gradient_direction=&#8220;left_to_right&#8220; overlay_strength=&#8220;0.3&#8243; width=&#8220;2\/3&#8243; tablet_width_inherit=&#8220;default&#8220; tablet_text_alignment=&#8220;default&#8220; phone_text_alignment=&#8220;default&#8220; column_border_width=&#8220;none&#8220; column_border_style=&#8220;solid&#8220; bg_image_animation=&#8220;none&#8220;][image_with_animation image_url=&#8220;2584&#8243; animation=&#8220;None&#8220; hover_animation=&#8220;none&#8220; alignment=&#8220;&#8220; border_radius=&#8220;none&#8220; box_shadow=&#8220;none&#8220; image_loading=&#8220;default&#8220; max_width=&#8220;100%&#8220; max_width_mobile=&#8220;default&#8220;][vc_column_text css=&#8220;.vc_custom_1623678925751{padding-top: 30px !important;}&#8220;]Das Nemesys Plugin bindet alle Nemesys Spritzenpumpen in die CETONI Elements Software ein. Mit diesem Plugin erhalten Sie leistungsf\u00e4hige Pumpenfunktionen, die Sie so bei anderen Pumpen vergeblich suchen. Mit der \u00fcbersichtlichen und grafisch liebevoll gestalteten Oberfl\u00e4che, haben Sie alle wichtigen Parameter, wie z.B. Spritzenf\u00fcllstand, konfigurierte Spritzen, Dosierrichtung, aktuelle Flussrate, aktuelle Ventilstellung oder den aktuellen Druck stets im Blick.<\/p>\n<h2>Highlights<\/h2>\n<ul>\n<li>grafische Darstellung von Spritzengr\u00f6\u00dfe, Spritzenf\u00fcllstand und Ventilstellung<\/li>\n<li>SI Einheiten f\u00fcr Volumina und Flussraten frei konfigurierbar (ml, nl, ml\/s &#8230;)<\/li>\n<li>der Syringe-Wizard f\u00fchrt Sie durch die Konfiguration neuer Spritzen<\/li>\n<li>Echtzeitanzeige aller aktuellen Werte wie Flussrate, Spritzenf\u00fcllstand oder dosiertes Volumen<\/li>\n<li>Einf\u00e4rbung der Spritze je nach Bewegungsrichtung der Spritze (orange = aufziehen, blau = abgeben, grau = gestoppt)<\/li>\n<\/ul>\n[\/vc_column_text][divider line_type=&#8220;No Line&#8220; custom_height=&#8220;20&#8243;][image_with_animation image_url=&#8220;2666&#8243; animation=&#8220;None&#8220; hover_animation=&#8220;none&#8220; alignment=&#8220;&#8220; border_radius=&#8220;none&#8220; box_shadow=&#8220;none&#8220; image_loading=&#8220;default&#8220; max_width=&#8220;100%&#8220; max_width_mobile=&#8220;default&#8220;][vc_column_text css=&#8220;.vc_custom_1623678974703{padding-top: 30px !important;}&#8220;]\n<h2>Grafische Druckanzeige<\/h2>\n<h3>F\u00fcr mehr Sicherheit und bessere \u00dcbersicht<\/h3>\n<p>Mit der Druckanzeige f\u00fcr die Nemesys Spritzenpumpen haben Sie den Druck der integrierten Drucksensoren stets im Blick. Die Anzeigeelemente visualisieren den aktuellen Wert des Drucksensors als Zahl und als Balken. Durch die Einf\u00e4rbung der Anzeige von Gr\u00fcn (niedriger Druck) \u00fcber Gelb (mittlerer Druck) bis zu Rot (hoher Druck) sehen Sie auf den ersten Blick in welchem Bereich der aktuelle Druck des Moduls liegt oder welches Modul einen kritischen Druck hat und k\u00f6nnen ggf. schnell reagieren.[\/vc_column_text][image_with_animation image_url=&#8220;2670&#8243; animation=&#8220;None&#8220; hover_animation=&#8220;none&#8220; alignment=&#8220;&#8220; border_radius=&#8220;none&#8220; box_shadow=&#8220;none&#8220; image_loading=&#8220;default&#8220; max_width=&#8220;100%&#8220; max_width_mobile=&#8220;default&#8220;][vc_column_text css=&#8220;.vc_custom_1613140831049{padding-top: 30px !important;}&#8220;]\n<h2>Einfache Spritzenkonfiguration<\/h2>\n<h3>Vorhandene Spritzen w\u00e4hlen oder eigene Spritzen anlegen<\/h3>\n<p>W\u00e4hlen Sie aus einer Vielzahl vorhandener Spritzen aus, oder verwenden Sie den Syringe-Wizard f\u00fcr die schnelle und einfache Konfiguration eigener Spritzen. Einfach den Innendurchmesser, den Kolbenhub und das Spritzenmaterial f\u00fcr eine neue Spritze festlegen &#8211; und fertig. In der Software sehen Sie Ihre Spritze dann mit dem ausgew\u00e4hlten Material und der von Ihnen konfigurierten Dicke und L\u00e4nge.[\/vc_column_text][image_with_animation image_url=&#8220;2672&#8243; animation=&#8220;None&#8220; hover_animation=&#8220;none&#8220; alignment=&#8220;&#8220; border_radius=&#8220;none&#8220; box_shadow=&#8220;none&#8220; image_loading=&#8220;default&#8220; max_width=&#8220;100%&#8220; max_width_mobile=&#8220;default&#8220;][vc_column_text css=&#8220;.vc_custom_1613140899149{padding-top: 30px !important;}&#8220;]\n<h2>Nemesys Druck- und Analog I\/O Safety Monitoring<\/h2>\n<h3>F\u00fcr mehr Sicherheit durch automatische Alarmreaktion<\/h3>\n<p>Mit der Analog I\/O Monitoring Funktionalit\u00e4t k\u00f6nnen Sie beliebige analoge Eing\u00e4nge oder Drucksensoren als Sicherheitsschalter f\u00fcr die Nemesys Spritzenpumpen verwenden. Damit lassen sich in Gefahrensituationen, z.B. beim \u00dcberschreiten eines bestimmten Maximaldruckes oder einer bestimmten Maximaltemperatur, die Nemesys Pumpen automatisch stoppen, abschalten oder lediglich Warnmeldungen ausgeben. Sowohl die Eing\u00e4nge (Druck, Temperatur&#8230;) als auch die Alarmreaktion (Stoppen, Pumpe abschalten, Warnung&#8230;) sind dabei vom Anwender frei konfigurierbar.[\/vc_column_text][image_with_animation image_url=&#8220;2675&#8243; animation=&#8220;None&#8220; hover_animation=&#8220;none&#8220; alignment=&#8220;&#8220; border_radius=&#8220;none&#8220; box_shadow=&#8220;none&#8220; image_loading=&#8220;default&#8220; max_width=&#8220;100%&#8220; max_width_mobile=&#8220;default&#8220;][\/vc_column][vc_column column_padding=&#8220;no-extra-padding&#8220; column_padding_tablet=&#8220;inherit&#8220; column_padding_phone=&#8220;inherit&#8220; column_padding_position=&#8220;all&#8220; background_color_opacity=&#8220;1&#8243; background_hover_color_opacity=&#8220;1&#8243; column_shadow=&#8220;none&#8220; column_border_radius=&#8220;none&#8220; column_link_target=&#8220;_self&#8220; gradient_direction=&#8220;left_to_right&#8220; overlay_strength=&#8220;0.3&#8243; width=&#8220;1\/6&#8243; tablet_width_inherit=&#8220;default&#8220; tablet_text_alignment=&#8220;default&#8220; phone_text_alignment=&#8220;default&#8220; column_border_width=&#8220;none&#8220; column_border_style=&#8220;solid&#8220; bg_image_animation=&#8220;none&#8220;][\/vc_column][\/vc_row][vc_row type=&#8220;full_width_background&#8220; full_screen_row_position=&#8220;middle&#8220; column_margin=&#8220;default&#8220; column_direction=&#8220;default&#8220; column_direction_tablet=&#8220;default&#8220; column_direction_phone=&#8220;default&#8220; scene_position=&#8220;center&#8220; text_color=&#8220;dark&#8220; text_align=&#8220;left&#8220; row_border_radius=&#8220;none&#8220; row_border_radius_applies=&#8220;bg&#8220; enable_gradient=&#8220;true&#8220; color_overlay_2=&#8220;#d0dae3&#8243; overlay_strength=&#8220;0.3&#8243; gradient_direction=&#8220;top_to_bottom&#8220; shape_divider_position=&#8220;bottom&#8220; bg_image_animation=&#8220;none&#8220; shape_type=&#8220;&#8220;][vc_column column_padding=&#8220;no-extra-padding&#8220; column_padding_tablet=&#8220;inherit&#8220; column_padding_phone=&#8220;inherit&#8220; column_padding_position=&#8220;all&#8220; background_color_opacity=&#8220;1&#8243; background_hover_color_opacity=&#8220;1&#8243; column_shadow=&#8220;none&#8220; column_border_radius=&#8220;none&#8220; column_link_target=&#8220;_self&#8220; gradient_direction=&#8220;left_to_right&#8220; overlay_strength=&#8220;0.3&#8243; width=&#8220;1\/6&#8243; tablet_width_inherit=&#8220;default&#8220; tablet_text_alignment=&#8220;default&#8220; phone_text_alignment=&#8220;default&#8220; column_border_width=&#8220;none&#8220; column_border_style=&#8220;solid&#8220; bg_image_animation=&#8220;none&#8220;][\/vc_column][vc_column column_padding=&#8220;no-extra-padding&#8220; column_padding_tablet=&#8220;inherit&#8220; column_padding_phone=&#8220;inherit&#8220; column_padding_position=&#8220;all&#8220; background_color_opacity=&#8220;1&#8243; background_hover_color_opacity=&#8220;1&#8243; column_shadow=&#8220;none&#8220; column_border_radius=&#8220;none&#8220; column_link_target=&#8220;_self&#8220; gradient_direction=&#8220;left_to_right&#8220; overlay_strength=&#8220;0.3&#8243; width=&#8220;2\/3&#8243; tablet_width_inherit=&#8220;default&#8220; tablet_text_alignment=&#8220;default&#8220; phone_text_alignment=&#8220;default&#8220; column_border_width=&#8220;none&#8220; column_border_style=&#8220;solid&#8220; bg_image_animation=&#8220;none&#8220;][vc_column_text css=&#8220;.vc_custom_1613141033557{padding-top: 30px !important;}&#8220;]\n<h2>Skriptfunktionen<\/h2>\n<h3>Grafische Programmierung und komplexe Abl\u00e4ufe<\/h3>\n<p>Die Nemesys Pumpen werden vollst\u00e4ndig durch das CETONI Elements Script-System unterst\u00fctzt. Damit k\u00f6nnen Sie grafisch per Drag &amp; Drop und in k\u00fcrzester Zeit eigene komplexe Dosierabl\u00e4ufe programmieren. Mit den leistungsf\u00e4higen Skriptfunktionen realisieren Sie Anforderungen wie z.B. die zeitgesteuerte Dosierung mit mehreren Pumpen oder die Erzeugung von Flussgradienten \u00fcber einen bestimmten Zeitraum im Handumdrehen. Zusammen mit anderen Qmix- oder Nemesys-Ger\u00e4ten lassen sich damit komplexe Prozesse und Versuche im Labor realisieren.[\/vc_column_text][divider line_type=&#8220;No Line&#8220; custom_height=&#8220;20&#8243;][\/vc_column][vc_column column_padding=&#8220;no-extra-padding&#8220; column_padding_tablet=&#8220;inherit&#8220; column_padding_phone=&#8220;inherit&#8220; column_padding_position=&#8220;all&#8220; background_color_opacity=&#8220;1&#8243; background_hover_color_opacity=&#8220;1&#8243; column_shadow=&#8220;none&#8220; column_border_radius=&#8220;none&#8220; column_link_target=&#8220;_self&#8220; gradient_direction=&#8220;left_to_right&#8220; overlay_strength=&#8220;0.3&#8243; width=&#8220;1\/6&#8243; tablet_width_inherit=&#8220;default&#8220; tablet_text_alignment=&#8220;default&#8220; phone_text_alignment=&#8220;default&#8220; column_border_width=&#8220;none&#8220; column_border_style=&#8220;solid&#8220; bg_image_animation=&#8220;none&#8220;][\/vc_column][\/vc_row][vc_row type=&#8220;full_width_background&#8220; full_screen_row_position=&#8220;middle&#8220; column_margin=&#8220;default&#8220; column_direction=&#8220;default&#8220; column_direction_tablet=&#8220;default&#8220; column_direction_phone=&#8220;default&#8220; scene_position=&#8220;center&#8220; text_color=&#8220;dark&#8220; text_align=&#8220;left&#8220; row_border_radius=&#8220;none&#8220; row_border_radius_applies=&#8220;bg&#8220; overlay_strength=&#8220;0.3&#8243; gradient_direction=&#8220;left_to_right&#8220; shape_divider_position=&#8220;bottom&#8220; bg_image_animation=&#8220;none&#8220; shape_type=&#8220;&#8220;][vc_column column_padding=&#8220;no-extra-padding&#8220; column_padding_tablet=&#8220;inherit&#8220; column_padding_phone=&#8220;inherit&#8220; column_padding_position=&#8220;all&#8220; background_color_opacity=&#8220;1&#8243; background_hover_color_opacity=&#8220;1&#8243; column_shadow=&#8220;none&#8220; column_border_radius=&#8220;none&#8220; column_link_target=&#8220;_self&#8220; gradient_direction=&#8220;left_to_right&#8220; overlay_strength=&#8220;0.3&#8243; width=&#8220;1\/6&#8243; tablet_width_inherit=&#8220;default&#8220; tablet_text_alignment=&#8220;default&#8220; phone_text_alignment=&#8220;default&#8220; column_border_width=&#8220;none&#8220; column_border_style=&#8220;solid&#8220; bg_image_animation=&#8220;none&#8220;][\/vc_column][vc_column column_padding=&#8220;no-extra-padding&#8220; column_padding_tablet=&#8220;inherit&#8220; column_padding_phone=&#8220;inherit&#8220; column_padding_position=&#8220;all&#8220; top_margin=&#8220;20&#8243; centered_text=&#8220;true&#8220; background_color_opacity=&#8220;1&#8243; background_hover_color_opacity=&#8220;1&#8243; column_shadow=&#8220;none&#8220; column_border_radius=&#8220;none&#8220; column_link_target=&#8220;_self&#8220; gradient_direction=&#8220;left_to_right&#8220; overlay_strength=&#8220;0.3&#8243; width=&#8220;2\/3&#8243; tablet_width_inherit=&#8220;default&#8220; tablet_text_alignment=&#8220;default&#8220; phone_text_alignment=&#8220;default&#8220; column_border_width=&#8220;none&#8220; column_border_style=&#8220;solid&#8220; bg_image_animation=&#8220;none&#8220;][nectar_btn size=&#8220;medium&#8220; button_style=&#8220;regular&#8220; button_color_2=&#8220;Accent-Color&#8220; icon_family=&#8220;none&#8220; text=&#8220;Zur\u00fcck zur \u00dcbersicht&#8220; margin_top=&#8220;20&#8243; margin_bottom=&#8220;20&#8243; url=&#8220;https:\/\/cetoni.de\/cetoni-elements\/#nemesys-plugin&#8220;][\/vc_column][vc_column column_padding=&#8220;no-extra-padding&#8220; column_padding_tablet=&#8220;inherit&#8220; column_padding_phone=&#8220;inherit&#8220; column_padding_position=&#8220;all&#8220; background_color_opacity=&#8220;1&#8243; background_hover_color_opacity=&#8220;1&#8243; column_shadow=&#8220;none&#8220; column_border_radius=&#8220;none&#8220; column_link_target=&#8220;_self&#8220; gradient_direction=&#8220;left_to_right&#8220; overlay_strength=&#8220;0.3&#8243; width=&#8220;1\/6&#8243; tablet_width_inherit=&#8220;default&#8220; tablet_text_alignment=&#8220;default&#8220; phone_text_alignment=&#8220;default&#8220; column_border_width=&#8220;none&#8220; column_border_style=&#8220;solid&#8220; bg_image_animation=&#8220;none&#8220;][\/vc_column][\/vc_row]\n","protected":false},"excerpt":{"rendered":"<p>[vc_row type=&#8220;full_width_background&#8220; full_screen_row_position=&#8220;middle&#8220; column_margin=&#8220;default&#8220; column_direction=&#8220;default&#8220; column_direction_tablet=&#8220;default&#8220; column_direction_phone=&#8220;default&#8220; scene_position=&#8220;center&#8220; text_color=&#8220;dark&#8220; text_align=&#8220;left&#8220; row_border_radius=&#8220;none&#8220; row_border_radius_applies=&#8220;bg&#8220; overlay_strength=&#8220;0.3&#8243; gradient_direction=&#8220;left_to_right&#8220; shape_divider_position=&#8220;bottom&#8220; bg_image_animation=&#8220;none&#8220; shape_type=&#8220;&#8220;][vc_column column_padding=&#8220;padding-1-percent&#8220; column_padding_tablet=&#8220;inherit&#8220; column_padding_phone=&#8220;inherit&#8220; column_padding_position=&#8220;all&#8220; background_color_opacity=&#8220;1&#8243; background_hover_color_opacity=&#8220;1&#8243; column_shadow=&#8220;none&#8220; column_border_radius=&#8220;none&#8220; column_link_target=&#8220;_self&#8220; gradient_direction=&#8220;left_to_right&#8220; overlay_strength=&#8220;0.3&#8243; width=&#8220;1\/1&#8243; tablet_width_inherit=&#8220;default&#8220;&#8230;<\/p>\n","protected":false},"author":1,"featured_media":0,"parent":1106,"menu_order":0,"comment_status":"closed","ping_status":"closed","template":"","meta":{"footnotes":""},"class_list":["post-2665","page","type-page","status-publish"],"yoast_head":"<!-- This site is optimized with the Yoast SEO plugin v27.5 - https:\/\/yoast.com\/product\/yoast-seo-wordpress\/ -->\n<title>Nemesys PlugIn - CETONI GmbH<\/title>\n<meta name=\"description\" content=\"Nemesys Plugin f\u00fcr CETONI Elements Software. PUMPENSOFTWARE DIE EINFACH SPASS MACHT. Das Nemesys Plugin bindet alle Nemesys Spritzenpumpen\" \/>\n<meta name=\"robots\" content=\"index, follow, max-snippet:-1, max-image-preview:large, max-video-preview:-1\" \/>\n<link rel=\"canonical\" href=\"https:\/\/cetoni.com\/de\/cetoni-elements\/nemesys-plugin\/\" \/>\n<meta property=\"og:locale\" content=\"de_DE\" \/>\n<meta property=\"og:type\" content=\"article\" \/>\n<meta property=\"og:title\" content=\"Nemesys PlugIn - CETONI GmbH\" \/>\n<meta property=\"og:description\" content=\"Nemesys Plugin f\u00fcr CETONI Elements Software. PUMPENSOFTWARE DIE EINFACH SPASS MACHT. Das Nemesys Plugin bindet alle Nemesys Spritzenpumpen\" \/>\n<meta property=\"og:url\" content=\"https:\/\/cetoni.com\/de\/cetoni-elements\/nemesys-plugin\/\" \/>\n<meta property=\"og:site_name\" content=\"CETONI GmbH\" \/>\n<meta property=\"article:modified_time\" content=\"2021-06-14T13:57:08+00:00\" \/>\n<meta name=\"twitter:card\" content=\"summary_large_image\" \/>\n<meta name=\"twitter:label1\" content=\"Gesch\u00e4tzte Lesezeit\" \/>\n\t<meta name=\"twitter:data1\" content=\"4\u00a0Minuten\" \/>\n<script type=\"application\/ld+json\" class=\"yoast-schema-graph\">{\"@context\":\"https:\\\/\\\/schema.org\",\"@graph\":[{\"@type\":\"WebPage\",\"@id\":\"https:\\\/\\\/cetoni.com\\\/de\\\/cetoni-elements\\\/nemesys-plugin\\\/\",\"url\":\"https:\\\/\\\/cetoni.com\\\/de\\\/cetoni-elements\\\/nemesys-plugin\\\/\",\"name\":\"Nemesys PlugIn - CETONI GmbH\",\"isPartOf\":{\"@id\":\"https:\\\/\\\/cetoni.com\\\/de\\\/#website\"},\"datePublished\":\"2021-02-12T14:38:11+00:00\",\"dateModified\":\"2021-06-14T13:57:08+00:00\",\"description\":\"Nemesys Plugin f\u00fcr CETONI Elements Software. PUMPENSOFTWARE DIE EINFACH SPASS MACHT. Das Nemesys Plugin bindet alle Nemesys Spritzenpumpen\",\"breadcrumb\":{\"@id\":\"https:\\\/\\\/cetoni.com\\\/de\\\/cetoni-elements\\\/nemesys-plugin\\\/#breadcrumb\"},\"inLanguage\":\"de\",\"potentialAction\":[{\"@type\":\"ReadAction\",\"target\":[\"https:\\\/\\\/cetoni.com\\\/de\\\/cetoni-elements\\\/nemesys-plugin\\\/\"]}]},{\"@type\":\"BreadcrumbList\",\"@id\":\"https:\\\/\\\/cetoni.com\\\/de\\\/cetoni-elements\\\/nemesys-plugin\\\/#breadcrumb\",\"itemListElement\":[{\"@type\":\"ListItem\",\"position\":1,\"name\":\"Startseite\",\"item\":\"https:\\\/\\\/cetoni.com\\\/de\\\/\"},{\"@type\":\"ListItem\",\"position\":2,\"name\":\"CETONI Elements\",\"item\":\"https:\\\/\\\/cetoni.com\\\/de\\\/cetoni-elements\\\/\"},{\"@type\":\"ListItem\",\"position\":3,\"name\":\"Nemesys PlugIn\"}]},{\"@type\":\"WebSite\",\"@id\":\"https:\\\/\\\/cetoni.com\\\/de\\\/#website\",\"url\":\"https:\\\/\\\/cetoni.com\\\/de\\\/\",\"name\":\"CETONI GmbH\",\"description\":\"Automatisierungs- und Mikrofluidikl\u00f6sungen f\u00fcr das Labor\",\"potentialAction\":[{\"@type\":\"SearchAction\",\"target\":{\"@type\":\"EntryPoint\",\"urlTemplate\":\"https:\\\/\\\/cetoni.com\\\/de\\\/?s={search_term_string}\"},\"query-input\":{\"@type\":\"PropertyValueSpecification\",\"valueRequired\":true,\"valueName\":\"search_term_string\"}}],\"inLanguage\":\"de\"}]}<\/script>\n<!-- \/ Yoast SEO plugin. -->","yoast_head_json":{"title":"Nemesys PlugIn - CETONI GmbH","description":"Nemesys Plugin f\u00fcr CETONI Elements Software. PUMPENSOFTWARE DIE EINFACH SPASS MACHT. Das Nemesys Plugin bindet alle Nemesys Spritzenpumpen","robots":{"index":"index","follow":"follow","max-snippet":"max-snippet:-1","max-image-preview":"max-image-preview:large","max-video-preview":"max-video-preview:-1"},"canonical":"https:\/\/cetoni.com\/de\/cetoni-elements\/nemesys-plugin\/","og_locale":"de_DE","og_type":"article","og_title":"Nemesys PlugIn - CETONI GmbH","og_description":"Nemesys Plugin f\u00fcr CETONI Elements Software. PUMPENSOFTWARE DIE EINFACH SPASS MACHT. Das Nemesys Plugin bindet alle Nemesys Spritzenpumpen","og_url":"https:\/\/cetoni.com\/de\/cetoni-elements\/nemesys-plugin\/","og_site_name":"CETONI GmbH","article_modified_time":"2021-06-14T13:57:08+00:00","twitter_card":"summary_large_image","twitter_misc":{"Gesch\u00e4tzte Lesezeit":"4\u00a0Minuten"},"schema":{"@context":"https:\/\/schema.org","@graph":[{"@type":"WebPage","@id":"https:\/\/cetoni.com\/de\/cetoni-elements\/nemesys-plugin\/","url":"https:\/\/cetoni.com\/de\/cetoni-elements\/nemesys-plugin\/","name":"Nemesys PlugIn - CETONI GmbH","isPartOf":{"@id":"https:\/\/cetoni.com\/de\/#website"},"datePublished":"2021-02-12T14:38:11+00:00","dateModified":"2021-06-14T13:57:08+00:00","description":"Nemesys Plugin f\u00fcr CETONI Elements Software. PUMPENSOFTWARE DIE EINFACH SPASS MACHT. Das Nemesys Plugin bindet alle Nemesys Spritzenpumpen","breadcrumb":{"@id":"https:\/\/cetoni.com\/de\/cetoni-elements\/nemesys-plugin\/#breadcrumb"},"inLanguage":"de","potentialAction":[{"@type":"ReadAction","target":["https:\/\/cetoni.com\/de\/cetoni-elements\/nemesys-plugin\/"]}]},{"@type":"BreadcrumbList","@id":"https:\/\/cetoni.com\/de\/cetoni-elements\/nemesys-plugin\/#breadcrumb","itemListElement":[{"@type":"ListItem","position":1,"name":"Startseite","item":"https:\/\/cetoni.com\/de\/"},{"@type":"ListItem","position":2,"name":"CETONI Elements","item":"https:\/\/cetoni.com\/de\/cetoni-elements\/"},{"@type":"ListItem","position":3,"name":"Nemesys PlugIn"}]},{"@type":"WebSite","@id":"https:\/\/cetoni.com\/de\/#website","url":"https:\/\/cetoni.com\/de\/","name":"CETONI GmbH","description":"Automatisierungs- und Mikrofluidikl\u00f6sungen f\u00fcr das Labor","potentialAction":[{"@type":"SearchAction","target":{"@type":"EntryPoint","urlTemplate":"https:\/\/cetoni.com\/de\/?s={search_term_string}"},"query-input":{"@type":"PropertyValueSpecification","valueRequired":true,"valueName":"search_term_string"}}],"inLanguage":"de"}]}},"_links":{"self":[{"href":"https:\/\/cetoni.com\/de\/wp-json\/wp\/v2\/pages\/2665","targetHints":{"allow":["GET"]}}],"collection":[{"href":"https:\/\/cetoni.com\/de\/wp-json\/wp\/v2\/pages"}],"about":[{"href":"https:\/\/cetoni.com\/de\/wp-json\/wp\/v2\/types\/page"}],"author":[{"embeddable":true,"href":"https:\/\/cetoni.com\/de\/wp-json\/wp\/v2\/users\/1"}],"replies":[{"embeddable":true,"href":"https:\/\/cetoni.com\/de\/wp-json\/wp\/v2\/comments?post=2665"}],"version-history":[{"count":0,"href":"https:\/\/cetoni.com\/de\/wp-json\/wp\/v2\/pages\/2665\/revisions"}],"up":[{"embeddable":true,"href":"https:\/\/cetoni.com\/de\/wp-json\/wp\/v2\/pages\/1106"}],"wp:attachment":[{"href":"https:\/\/cetoni.com\/de\/wp-json\/wp\/v2\/media?parent=2665"}],"curies":[{"name":"wp","href":"https:\/\/api.w.org\/{rel}","templated":true}]}}