{"id":2637,"date":"2021-02-12T15:00:13","date_gmt":"2021-02-12T14:00:13","guid":{"rendered":"https:\/\/cobomation.de\/?page_id=2637"},"modified":"2022-09-22T10:34:59","modified_gmt":"2022-09-22T08:34:59","slug":"script-system-plugin","status":"publish","type":"page","link":"https:\/\/cetoni.com\/de\/cetoni-elements\/script-system-plugin\/","title":{"rendered":"Script-System Plugin"},"content":{"rendered":"[vc_row type=&#8220;full_width_background&#8220; full_screen_row_position=&#8220;middle&#8220; column_margin=&#8220;default&#8220; column_direction=&#8220;default&#8220; column_direction_tablet=&#8220;default&#8220; column_direction_phone=&#8220;default&#8220; scene_position=&#8220;center&#8220; text_color=&#8220;dark&#8220; text_align=&#8220;left&#8220; row_border_radius=&#8220;none&#8220; row_border_radius_applies=&#8220;bg&#8220; overlay_strength=&#8220;0.3&#8243; gradient_direction=&#8220;left_to_right&#8220; shape_divider_position=&#8220;bottom&#8220; bg_image_animation=&#8220;none&#8220; shape_type=&#8220;&#8220;][vc_column column_padding=&#8220;padding-1-percent&#8220; column_padding_tablet=&#8220;inherit&#8220; column_padding_phone=&#8220;inherit&#8220; column_padding_position=&#8220;all&#8220; background_color_opacity=&#8220;1&#8243; background_hover_color_opacity=&#8220;1&#8243; column_shadow=&#8220;none&#8220; column_border_radius=&#8220;none&#8220; column_link_target=&#8220;_self&#8220; gradient_direction=&#8220;left_to_right&#8220; overlay_strength=&#8220;0.3&#8243; width=&#8220;1\/1&#8243; tablet_width_inherit=&#8220;default&#8220; tablet_text_alignment=&#8220;default&#8220; phone_text_alignment=&#8220;default&#8220; column_border_width=&#8220;none&#8220; column_border_style=&#8220;solid&#8220; bg_image_animation=&#8220;none&#8220;][vc_column_text css=&#8220;.vc_custom_1663835657944{padding-right: 30px !important;padding-bottom: 30px !important;padding-left: 30px !important;}&#8220;]\n<h2 style=\"text-align: center;\">Leistungsf\u00e4higes Script-System<\/h2>\n<h3 style=\"text-align: center;\">intuitives Programmieren<\/h3>\n[\/vc_column_text][\/vc_column][\/vc_row][vc_row type=&#8220;full_width_background&#8220; full_screen_row_position=&#8220;middle&#8220; column_margin=&#8220;default&#8220; column_direction=&#8220;default&#8220; column_direction_tablet=&#8220;default&#8220; column_direction_phone=&#8220;default&#8220; scene_position=&#8220;center&#8220; text_color=&#8220;dark&#8220; text_align=&#8220;left&#8220; row_border_radius=&#8220;none&#8220; row_border_radius_applies=&#8220;bg&#8220; enable_gradient=&#8220;true&#8220; color_overlay_2=&#8220;#d0dae3&#8243; overlay_strength=&#8220;0.3&#8243; gradient_direction=&#8220;top_to_bottom&#8220; shape_divider_position=&#8220;bottom&#8220; bg_image_animation=&#8220;none&#8220; shape_type=&#8220;&#8220;][vc_column column_padding=&#8220;no-extra-padding&#8220; column_padding_tablet=&#8220;inherit&#8220; column_padding_phone=&#8220;inherit&#8220; column_padding_position=&#8220;all&#8220; background_color_opacity=&#8220;1&#8243; background_hover_color_opacity=&#8220;1&#8243; column_shadow=&#8220;none&#8220; column_border_radius=&#8220;none&#8220; column_link_target=&#8220;_self&#8220; gradient_direction=&#8220;left_to_right&#8220; overlay_strength=&#8220;0.3&#8243; width=&#8220;1\/6&#8243; tablet_width_inherit=&#8220;default&#8220; tablet_text_alignment=&#8220;default&#8220; phone_text_alignment=&#8220;default&#8220; column_border_width=&#8220;none&#8220; column_border_style=&#8220;solid&#8220; bg_image_animation=&#8220;none&#8220;][\/vc_column][vc_column column_padding=&#8220;no-extra-padding&#8220; column_padding_tablet=&#8220;inherit&#8220; column_padding_phone=&#8220;inherit&#8220; column_padding_position=&#8220;all&#8220; background_color_opacity=&#8220;1&#8243; background_hover_color_opacity=&#8220;1&#8243; column_shadow=&#8220;none&#8220; column_border_radius=&#8220;none&#8220; column_link_target=&#8220;_self&#8220; gradient_direction=&#8220;left_to_right&#8220; overlay_strength=&#8220;0.3&#8243; width=&#8220;2\/3&#8243; tablet_width_inherit=&#8220;default&#8220; tablet_text_alignment=&#8220;default&#8220; phone_text_alignment=&#8220;default&#8220; column_border_width=&#8220;none&#8220; column_border_style=&#8220;solid&#8220; bg_image_animation=&#8220;none&#8220;][image_with_animation image_url=&#8220;2577&#8243; animation=&#8220;None&#8220; hover_animation=&#8220;none&#8220; alignment=&#8220;&#8220; border_radius=&#8220;none&#8220; box_shadow=&#8220;none&#8220; image_loading=&#8220;default&#8220; max_width=&#8220;100%&#8220; max_width_mobile=&#8220;default&#8220;][vc_column_text css=&#8220;.vc_custom_1663835696941{padding-top: 30px !important;}&#8220;]Die CETONI Elements Software verf\u00fcgt \u00fcber ein leistungsf\u00e4higes Script-System, um Prozessabl\u00e4ufe zu automatisieren. F\u00fcr die Programmierung dieser Scripte sind keine qualifizierten Programmierkenntnisse n\u00f6tig &#8211; alle Funktionen werden einfach und intuitiv mit der Maus aus dem Script-Pool in den Script-Editor gezogen und k\u00f6nnen dort parametriert werden. Somit automatiseren Sie in Minuten einfache oder auch komplexe Prozessabl\u00e4ufe.<\/p>\n<p>Durch die physische Einbindung eines zus\u00e4tzlichen <a href=\"https:\/\/cetoni.com\/de\/i-o-module\/\">CETONI I\/O Moduls<\/a> in Ihr bestehendes Setup, k\u00f6nnen Sie zudem mit Ihrer vorhandenen Peripherie kommunizieren. Dazu verwenden Sie je nachdem was Ihre Peripherie an I\/O &#8211; Signalen verarbeiten kann, die geeigneten Kommunikationsklemmen auf Ihrem I\/O Modul (<a href=\"https:\/\/cetoni-software.github.io\/cetoni_elements_doc\/manual_de\/qmixio_DE\/qmixio_DE.html#unterstutzte-beckhoff-i-o-module\">\u00dcbersicht verf\u00fcgbaren Schnittstellen<\/a>).[\/vc_column_text][divider line_type=&#8220;No Line&#8220; custom_height=&#8220;20&#8243;][\/vc_column][vc_column column_padding=&#8220;no-extra-padding&#8220; column_padding_tablet=&#8220;inherit&#8220; column_padding_phone=&#8220;inherit&#8220; column_padding_position=&#8220;all&#8220; background_color_opacity=&#8220;1&#8243; background_hover_color_opacity=&#8220;1&#8243; column_shadow=&#8220;none&#8220; column_border_radius=&#8220;none&#8220; column_link_target=&#8220;_self&#8220; gradient_direction=&#8220;left_to_right&#8220; overlay_strength=&#8220;0.3&#8243; width=&#8220;1\/6&#8243; tablet_width_inherit=&#8220;default&#8220; tablet_text_alignment=&#8220;default&#8220; phone_text_alignment=&#8220;default&#8220; column_border_width=&#8220;none&#8220; column_border_style=&#8220;solid&#8220; bg_image_animation=&#8220;none&#8220;][\/vc_column][\/vc_row][vc_row type=&#8220;full_width_background&#8220; full_screen_row_position=&#8220;middle&#8220; column_margin=&#8220;default&#8220; column_direction=&#8220;default&#8220; column_direction_tablet=&#8220;default&#8220; column_direction_phone=&#8220;default&#8220; scene_position=&#8220;center&#8220; text_color=&#8220;dark&#8220; text_align=&#8220;left&#8220; row_border_radius=&#8220;none&#8220; row_border_radius_applies=&#8220;bg&#8220; overlay_strength=&#8220;0.3&#8243; gradient_direction=&#8220;left_to_right&#8220; shape_divider_position=&#8220;bottom&#8220; bg_image_animation=&#8220;none&#8220; shape_type=&#8220;&#8220;][vc_column column_padding=&#8220;no-extra-padding&#8220; column_padding_tablet=&#8220;inherit&#8220; column_padding_phone=&#8220;inherit&#8220; column_padding_position=&#8220;all&#8220; background_color_opacity=&#8220;1&#8243; background_hover_color_opacity=&#8220;1&#8243; column_shadow=&#8220;none&#8220; column_border_radius=&#8220;none&#8220; column_link_target=&#8220;_self&#8220; gradient_direction=&#8220;left_to_right&#8220; overlay_strength=&#8220;0.3&#8243; width=&#8220;1\/6&#8243; tablet_width_inherit=&#8220;default&#8220; tablet_text_alignment=&#8220;default&#8220; phone_text_alignment=&#8220;default&#8220; column_border_width=&#8220;none&#8220; column_border_style=&#8220;solid&#8220; bg_image_animation=&#8220;none&#8220;][\/vc_column][vc_column column_padding=&#8220;no-extra-padding&#8220; column_padding_tablet=&#8220;inherit&#8220; column_padding_phone=&#8220;inherit&#8220; column_padding_position=&#8220;all&#8220; top_margin=&#8220;20&#8243; centered_text=&#8220;true&#8220; background_color_opacity=&#8220;1&#8243; background_hover_color_opacity=&#8220;1&#8243; column_shadow=&#8220;none&#8220; column_border_radius=&#8220;none&#8220; column_link_target=&#8220;_self&#8220; gradient_direction=&#8220;left_to_right&#8220; overlay_strength=&#8220;0.3&#8243; width=&#8220;2\/3&#8243; tablet_width_inherit=&#8220;default&#8220; tablet_text_alignment=&#8220;default&#8220; phone_text_alignment=&#8220;default&#8220; column_border_width=&#8220;none&#8220; column_border_style=&#8220;solid&#8220; bg_image_animation=&#8220;none&#8220;][nectar_btn size=&#8220;medium&#8220; button_style=&#8220;regular&#8220; button_color_2=&#8220;Accent-Color&#8220; icon_family=&#8220;none&#8220; text=&#8220;Zur\u00fcck zur \u00dcbersicht&#8220; margin_top=&#8220;20&#8243; margin_bottom=&#8220;20&#8243; url=&#8220;https:\/\/cetoni.de\/cetoni-elements\/#script-system-plugin&#8220;][\/vc_column][vc_column column_padding=&#8220;no-extra-padding&#8220; column_padding_tablet=&#8220;inherit&#8220; column_padding_phone=&#8220;inherit&#8220; column_padding_position=&#8220;all&#8220; background_color_opacity=&#8220;1&#8243; background_hover_color_opacity=&#8220;1&#8243; column_shadow=&#8220;none&#8220; column_border_radius=&#8220;none&#8220; column_link_target=&#8220;_self&#8220; gradient_direction=&#8220;left_to_right&#8220; overlay_strength=&#8220;0.3&#8243; width=&#8220;1\/6&#8243; tablet_width_inherit=&#8220;default&#8220; tablet_text_alignment=&#8220;default&#8220; phone_text_alignment=&#8220;default&#8220; column_border_width=&#8220;none&#8220; column_border_style=&#8220;solid&#8220; bg_image_animation=&#8220;none&#8220;][\/vc_column][\/vc_row]\n","protected":false},"excerpt":{"rendered":"<p>[vc_row type=&#8220;full_width_background&#8220; full_screen_row_position=&#8220;middle&#8220; column_margin=&#8220;default&#8220; column_direction=&#8220;default&#8220; column_direction_tablet=&#8220;default&#8220; column_direction_phone=&#8220;default&#8220; scene_position=&#8220;center&#8220; text_color=&#8220;dark&#8220; text_align=&#8220;left&#8220; row_border_radius=&#8220;none&#8220; row_border_radius_applies=&#8220;bg&#8220; overlay_strength=&#8220;0.3&#8243; gradient_direction=&#8220;left_to_right&#8220; shape_divider_position=&#8220;bottom&#8220; bg_image_animation=&#8220;none&#8220; shape_type=&#8220;&#8220;][vc_column column_padding=&#8220;padding-1-percent&#8220; column_padding_tablet=&#8220;inherit&#8220; column_padding_phone=&#8220;inherit&#8220; column_padding_position=&#8220;all&#8220; background_color_opacity=&#8220;1&#8243; background_hover_color_opacity=&#8220;1&#8243; column_shadow=&#8220;none&#8220; column_border_radius=&#8220;none&#8220; column_link_target=&#8220;_self&#8220; gradient_direction=&#8220;left_to_right&#8220; overlay_strength=&#8220;0.3&#8243; width=&#8220;1\/1&#8243; tablet_width_inherit=&#8220;default&#8220;&#8230;<\/p>\n","protected":false},"author":1,"featured_media":0,"parent":1106,"menu_order":0,"comment_status":"closed","ping_status":"closed","template":"","meta":{"footnotes":""},"class_list":["post-2637","page","type-page","status-publish"],"yoast_head":"<!-- This site is optimized with the Yoast SEO plugin v27.4 - https:\/\/yoast.com\/product\/yoast-seo-wordpress\/ -->\n<title>CETONI Elements Script-System<\/title>\n<meta name=\"description\" content=\"Die CETONI Elements Software verf\u00fcgt \u00fcber ein leistungsf\u00e4higes Script-System, um Prozessabl\u00e4ufe zu automatisieren.\" \/>\n<meta name=\"robots\" content=\"index, follow, max-snippet:-1, max-image-preview:large, max-video-preview:-1\" \/>\n<link rel=\"canonical\" href=\"https:\/\/cetoni.com\/de\/cetoni-elements\/script-system-plugin\/\" \/>\n<meta property=\"og:locale\" content=\"de_DE\" \/>\n<meta property=\"og:type\" content=\"article\" \/>\n<meta property=\"og:title\" content=\"CETONI Elements Script-System\" \/>\n<meta property=\"og:description\" content=\"Die CETONI Elements Software verf\u00fcgt \u00fcber ein leistungsf\u00e4higes Script-System, um Prozessabl\u00e4ufe zu automatisieren.\" \/>\n<meta property=\"og:url\" content=\"https:\/\/cetoni.com\/de\/cetoni-elements\/script-system-plugin\/\" \/>\n<meta property=\"og:site_name\" content=\"CETONI GmbH\" \/>\n<meta property=\"article:modified_time\" content=\"2022-09-22T08:34:59+00:00\" \/>\n<meta name=\"twitter:card\" content=\"summary_large_image\" \/>\n<meta name=\"twitter:label1\" content=\"Gesch\u00e4tzte Lesezeit\" \/>\n\t<meta name=\"twitter:data1\" content=\"2\u00a0Minuten\" \/>\n<script type=\"application\/ld+json\" class=\"yoast-schema-graph\">{\"@context\":\"https:\\\/\\\/schema.org\",\"@graph\":[{\"@type\":\"WebPage\",\"@id\":\"https:\\\/\\\/cetoni.com\\\/de\\\/cetoni-elements\\\/script-system-plugin\\\/\",\"url\":\"https:\\\/\\\/cetoni.com\\\/de\\\/cetoni-elements\\\/script-system-plugin\\\/\",\"name\":\"CETONI Elements Script-System\",\"isPartOf\":{\"@id\":\"https:\\\/\\\/cetoni.com\\\/de\\\/#website\"},\"datePublished\":\"2021-02-12T14:00:13+00:00\",\"dateModified\":\"2022-09-22T08:34:59+00:00\",\"description\":\"Die CETONI Elements Software verf\u00fcgt \u00fcber ein leistungsf\u00e4higes Script-System, um Prozessabl\u00e4ufe zu automatisieren.\",\"breadcrumb\":{\"@id\":\"https:\\\/\\\/cetoni.com\\\/de\\\/cetoni-elements\\\/script-system-plugin\\\/#breadcrumb\"},\"inLanguage\":\"de\",\"potentialAction\":[{\"@type\":\"ReadAction\",\"target\":[\"https:\\\/\\\/cetoni.com\\\/de\\\/cetoni-elements\\\/script-system-plugin\\\/\"]}]},{\"@type\":\"BreadcrumbList\",\"@id\":\"https:\\\/\\\/cetoni.com\\\/de\\\/cetoni-elements\\\/script-system-plugin\\\/#breadcrumb\",\"itemListElement\":[{\"@type\":\"ListItem\",\"position\":1,\"name\":\"Startseite\",\"item\":\"https:\\\/\\\/cetoni.com\\\/de\\\/\"},{\"@type\":\"ListItem\",\"position\":2,\"name\":\"CETONI Elements\",\"item\":\"https:\\\/\\\/cetoni.com\\\/de\\\/cetoni-elements\\\/\"},{\"@type\":\"ListItem\",\"position\":3,\"name\":\"Script-System Plugin\"}]},{\"@type\":\"WebSite\",\"@id\":\"https:\\\/\\\/cetoni.com\\\/de\\\/#website\",\"url\":\"https:\\\/\\\/cetoni.com\\\/de\\\/\",\"name\":\"CETONI GmbH\",\"description\":\"Automatisierungs- und Mikrofluidikl\u00f6sungen f\u00fcr das Labor\",\"potentialAction\":[{\"@type\":\"SearchAction\",\"target\":{\"@type\":\"EntryPoint\",\"urlTemplate\":\"https:\\\/\\\/cetoni.com\\\/de\\\/?s={search_term_string}\"},\"query-input\":{\"@type\":\"PropertyValueSpecification\",\"valueRequired\":true,\"valueName\":\"search_term_string\"}}],\"inLanguage\":\"de\"}]}<\/script>\n<!-- \/ Yoast SEO plugin. -->","yoast_head_json":{"title":"CETONI Elements Script-System","description":"Die CETONI Elements Software verf\u00fcgt \u00fcber ein leistungsf\u00e4higes Script-System, um Prozessabl\u00e4ufe zu automatisieren.","robots":{"index":"index","follow":"follow","max-snippet":"max-snippet:-1","max-image-preview":"max-image-preview:large","max-video-preview":"max-video-preview:-1"},"canonical":"https:\/\/cetoni.com\/de\/cetoni-elements\/script-system-plugin\/","og_locale":"de_DE","og_type":"article","og_title":"CETONI Elements Script-System","og_description":"Die CETONI Elements Software verf\u00fcgt \u00fcber ein leistungsf\u00e4higes Script-System, um Prozessabl\u00e4ufe zu automatisieren.","og_url":"https:\/\/cetoni.com\/de\/cetoni-elements\/script-system-plugin\/","og_site_name":"CETONI GmbH","article_modified_time":"2022-09-22T08:34:59+00:00","twitter_card":"summary_large_image","twitter_misc":{"Gesch\u00e4tzte Lesezeit":"2\u00a0Minuten"},"schema":{"@context":"https:\/\/schema.org","@graph":[{"@type":"WebPage","@id":"https:\/\/cetoni.com\/de\/cetoni-elements\/script-system-plugin\/","url":"https:\/\/cetoni.com\/de\/cetoni-elements\/script-system-plugin\/","name":"CETONI Elements Script-System","isPartOf":{"@id":"https:\/\/cetoni.com\/de\/#website"},"datePublished":"2021-02-12T14:00:13+00:00","dateModified":"2022-09-22T08:34:59+00:00","description":"Die CETONI Elements Software verf\u00fcgt \u00fcber ein leistungsf\u00e4higes Script-System, um Prozessabl\u00e4ufe zu automatisieren.","breadcrumb":{"@id":"https:\/\/cetoni.com\/de\/cetoni-elements\/script-system-plugin\/#breadcrumb"},"inLanguage":"de","potentialAction":[{"@type":"ReadAction","target":["https:\/\/cetoni.com\/de\/cetoni-elements\/script-system-plugin\/"]}]},{"@type":"BreadcrumbList","@id":"https:\/\/cetoni.com\/de\/cetoni-elements\/script-system-plugin\/#breadcrumb","itemListElement":[{"@type":"ListItem","position":1,"name":"Startseite","item":"https:\/\/cetoni.com\/de\/"},{"@type":"ListItem","position":2,"name":"CETONI Elements","item":"https:\/\/cetoni.com\/de\/cetoni-elements\/"},{"@type":"ListItem","position":3,"name":"Script-System Plugin"}]},{"@type":"WebSite","@id":"https:\/\/cetoni.com\/de\/#website","url":"https:\/\/cetoni.com\/de\/","name":"CETONI GmbH","description":"Automatisierungs- und Mikrofluidikl\u00f6sungen f\u00fcr das Labor","potentialAction":[{"@type":"SearchAction","target":{"@type":"EntryPoint","urlTemplate":"https:\/\/cetoni.com\/de\/?s={search_term_string}"},"query-input":{"@type":"PropertyValueSpecification","valueRequired":true,"valueName":"search_term_string"}}],"inLanguage":"de"}]}},"_links":{"self":[{"href":"https:\/\/cetoni.com\/de\/wp-json\/wp\/v2\/pages\/2637","targetHints":{"allow":["GET"]}}],"collection":[{"href":"https:\/\/cetoni.com\/de\/wp-json\/wp\/v2\/pages"}],"about":[{"href":"https:\/\/cetoni.com\/de\/wp-json\/wp\/v2\/types\/page"}],"author":[{"embeddable":true,"href":"https:\/\/cetoni.com\/de\/wp-json\/wp\/v2\/users\/1"}],"replies":[{"embeddable":true,"href":"https:\/\/cetoni.com\/de\/wp-json\/wp\/v2\/comments?post=2637"}],"version-history":[{"count":0,"href":"https:\/\/cetoni.com\/de\/wp-json\/wp\/v2\/pages\/2637\/revisions"}],"up":[{"embeddable":true,"href":"https:\/\/cetoni.com\/de\/wp-json\/wp\/v2\/pages\/1106"}],"wp:attachment":[{"href":"https:\/\/cetoni.com\/de\/wp-json\/wp\/v2\/media?parent=2637"}],"curies":[{"name":"wp","href":"https:\/\/api.w.org\/{rel}","templated":true}]}}