{"id":19,"date":"2020-12-11T13:36:06","date_gmt":"2020-12-11T12:36:06","guid":{"rendered":"http:\/\/cobomation.de\/?page_id=19"},"modified":"2023-02-12T15:05:43","modified_gmt":"2023-02-12T14:05:43","slug":"impressum","status":"publish","type":"page","link":"https:\/\/cetoni.com\/de\/impressum\/","title":{"rendered":"Impressum"},"content":{"rendered":"[vc_row type=&#8220;full_width_content&#8220; full_screen_row_position=&#8220;middle&#8220; column_margin=&#8220;none&#8220; column_direction=&#8220;default&#8220; column_direction_tablet=&#8220;default&#8220; column_direction_phone=&#8220;default&#8220; scene_position=&#8220;center&#8220; text_color=&#8220;dark&#8220; text_align=&#8220;left&#8220; row_border_radius=&#8220;none&#8220; row_border_radius_applies=&#8220;bg&#8220; overlay_strength=&#8220;0.3&#8243; gradient_direction=&#8220;left_to_right&#8220; shape_divider_position=&#8220;bottom&#8220; bg_image_animation=&#8220;none&#8220; shape_type=&#8220;&#8220;][vc_column column_padding=&#8220;padding-4-percent&#8220; column_padding_tablet=&#8220;inherit&#8220; column_padding_phone=&#8220;inherit&#8220; column_padding_position=&#8220;all&#8220; background_color_opacity=&#8220;1&#8243; background_hover_color_opacity=&#8220;1&#8243; column_shadow=&#8220;none&#8220; column_border_radius=&#8220;none&#8220; column_link_target=&#8220;_self&#8220; gradient_direction=&#8220;left_to_right&#8220; overlay_strength=&#8220;0.3&#8243; width=&#8220;1\/1&#8243; tablet_width_inherit=&#8220;default&#8220; tablet_text_alignment=&#8220;default&#8220; phone_text_alignment=&#8220;default&#8220; column_border_width=&#8220;none&#8220; column_border_style=&#8220;solid&#8220; bg_image_animation=&#8220;none&#8220;][vc_column_text]\n<h2>Impressum<\/h2>\n<h3>Angaben gem\u00e4\u00df \u00a7 5 TMG:<\/h3>\n<p>CETONI GmbH Automatisierung und Microsysteme<br \/>\nWiesenring 6<br \/>\n07554 Korbussen<br \/>\nGermany<\/p>\n<h3>Vertreten durch:<\/h3>\n<p>Gesch\u00e4ftsf\u00fchrer Tilo Kunze<\/p>\n<h3>Kontakt:<\/h3>\n<p>Telefon: +49 (0) 36602 338-0<br \/>\nTelefax: +49 (0) 36602 338-11<br \/>\nE-Mail: <a href=\"mailto:info@cetoni.de\">info@cetoni.de<\/a><\/p>\n<h3>Eintragungen:<\/h3>\n<ul>\n<li><strong>Handelsregister:<\/strong> Amtsgericht Jena, HRB 202566<\/li>\n<li><strong>Umsatzsteuer-ID:<\/strong> DE 1505 26212<\/li>\n<li><strong>WEEE Reg.-Nr.:<\/strong> DE 49754113<\/li>\n<li><strong>deutsches Verpackungsregister:<\/strong> DE5943220032409<\/li>\n<\/ul>\n<h3 class=\"h3\">Haftungsausschluss (Disclaimer):<\/h3>\n<p class=\"h4\"><strong>Haftung f\u00fcr Inhalte<\/strong><\/p>\n<p>Als Diensteanbieter sind wir gem\u00e4\u00df \u00a7 7 Abs.1 TMG f\u00fcr eigene Inhalte auf diesen Seiten nach den allgemeinen Gesetzen verantwortlich. Nach \u00a7\u00a7 8 bis 10 TMG sind wir als Diensteanbieter jedoch nicht verpflichtet, \u00fcbermittelte oder gespeicherte fremde Informationen zu \u00fcberwachen oder nach Umst\u00e4nden zu forschen, die auf eine rechtswidrige T\u00e4tigkeit hinweisen. Verpflichtungen zur Entfernung oder Sperrung der Nutzung von Informationen nach den allgemeinen Gesetzen bleiben hiervon unber\u00fchrt. Bei Bekanntwerden von entsprechenden Rechtsverletzungen werden wir diese Inhalte umgehend entfernen. Dennoch wird f\u00fcr die Korrektheit, Aktualit\u00e4t und Vollst\u00e4ndigkeit jede Gew\u00e4hr, Haftung und Garantie ausgeschlossen.<\/p>\n<p class=\"h4\"><strong>Haftung f\u00fcr Links<\/strong><\/p>\n<p>Unser Angebot enth\u00e4lt Links zu externen Webseiten Dritter, auf deren Inhalte wir keinen Einfluss haben. Deshalb k\u00f6nnen wir f\u00fcr diese fremden Inhalte auch keine Gew\u00e4hr \u00fcbernehmen. F\u00fcr die Inhalte der verlinkten Seiten ist stets der jeweilige Anbieter oder Betreiber der Seiten verantwortlich. Die verlinkten Seiten werden von uns verantwortungsbewusst ausgew\u00e4hlt. Eine permanente inhaltliche Kontrolle der verlinkten Seiten ist jedoch ohne konkrete Anhaltspunkte einer Rechtsverletzung nicht zumutbar. Bei Bekanntwerden von Rechtsverletzungen werden wir derartige Links umgehend entfernen. F\u00fcr die Inhalte solch externer Web-Seiten, die mittels Link oder sonstiger Verweise erreicht werden, k\u00f6nnen wir keine Verantwortung \u00fcbernehmen. Insoweit haften wir nicht f\u00fcr direkte und indirekte Sch\u00e4den (inkl. entgangener Gewinne), die auf Informationen derartiger externer Web-Seiten zur\u00fcckgef\u00fchrt werden k\u00f6nnen.<\/p>\n<p class=\"h4\"><strong>Urheberrecht<\/strong><\/p>\n<p>Die durch die Seitenbetreiber erstellten Inhalte und Werke auf diesen Seiten unterliegen dem deutschen Urheberrecht. Die Vervielf\u00e4ltigung, Bearbeitung, Verbreitung und jede Art der Verwertung au\u00dferhalb der Grenzen des Urheberrechtes bed\u00fcrfen der schriftlichen Zustimmung des jeweiligen Autors bzw. Erstellers. Downloads und Kopien dieser Seite sind nur f\u00fcr den privaten, nicht kommerziellen Gebrauch gestattet. Soweit die Inhalte auf dieser Seite nicht vom Betreiber erstellt wurden, werden die Urheberrechte Dritter beachtet. Insbesondere werden Inhalte Dritter als solche gekennzeichnet. Sollten Sie trotzdem auf eine Urheberrechtsverletzung aufmerksam werden, bitten wir um einen entsprechenden Hinweis. Bei Bekanntwerden von Rechtsverletzungen werden wir derartige Inhalte umgehend entfernen.<\/p>\n<h3>Allgemeine Gesch\u00e4ftsbedingungen (AGB):<\/h3>\n<ul>\n<li><a title=\"AGB\" href=\"http:\/\/cetoni.de\/wp-content\/uploads\/2020\/12\/AGB_DE.pdf\" target=\"_blank\" rel=\"noopener\">Allgemeine Gesch\u00e4ftsbedingungen<\/a><\/li>\n<li><a title=\"Datenschutzerkl\u00e4rung\" href=\"http:\/\/cetoni.de\/datenschutz\">Datenschutzerkl\u00e4rung<\/a><\/li>\n<\/ul>\n<h3>Quellenangaben f\u00fcr die verwendeten Bilder und Grafiken:<\/h3>\n<ul>\n<li>Website: \u00a9 Michael Stumm &#8211; <a title=\"Michael Stumm, Logo-Gestaltung, Corporate Design, Website\" href=\"https:\/\/www.michael-stumm.com\">www.michael-stumm.com<\/a><\/li>\n<li>Produktfotos\/Renderings: \u00a9 CETONI GmbH<\/li>\n<li>Renderings Robotiq-Greifer: \u00a9 Robotiq Europe &#8211; <a href=\"http:\/\/www.robotiq.com\">www.robotiq.com <\/a><\/li>\n<li>Models UR Robot: \u00a9 Universal Robots (Germany) GmbH &#8211; <a href=\"https:\/\/www.universal-robots.com\/de\">www.universal-robots.com<\/a><\/li>\n<li>Fotos: \u00a9 Michael Kuhlmann &#8211; <a href=\"http:\/\/www.michaelkuhlmann.net\/\">www.michaelkuhlmann.net<\/a><\/li>\n<li>Fotos: \u00a9 Christoph Beer &#8211; <a href=\"http:\/\/www.christoph-beer.com\">www.christoph-beer.com<\/a><\/li>\n<li>Fotos: \u00a9 Melanie Dressel &#8211; <a href=\"https:\/\/www.melanie-dressel.com\">www.melanie-dressel.com<\/a><\/li>\n<\/ul>\n[\/vc_column_text][\/vc_column][\/vc_row]\n","protected":false},"excerpt":{"rendered":"<p>[vc_row type=&#8220;full_width_content&#8220; full_screen_row_position=&#8220;middle&#8220; column_margin=&#8220;none&#8220; column_direction=&#8220;default&#8220; column_direction_tablet=&#8220;default&#8220; column_direction_phone=&#8220;default&#8220; scene_position=&#8220;center&#8220; text_color=&#8220;dark&#8220; text_align=&#8220;left&#8220; row_border_radius=&#8220;none&#8220; row_border_radius_applies=&#8220;bg&#8220; overlay_strength=&#8220;0.3&#8243; gradient_direction=&#8220;left_to_right&#8220; shape_divider_position=&#8220;bottom&#8220; bg_image_animation=&#8220;none&#8220; shape_type=&#8220;&#8220;][vc_column column_padding=&#8220;padding-4-percent&#8220; column_padding_tablet=&#8220;inherit&#8220; column_padding_phone=&#8220;inherit&#8220; column_padding_position=&#8220;all&#8220; background_color_opacity=&#8220;1&#8243; background_hover_color_opacity=&#8220;1&#8243; column_shadow=&#8220;none&#8220; column_border_radius=&#8220;none&#8220; column_link_target=&#8220;_self&#8220; gradient_direction=&#8220;left_to_right&#8220; overlay_strength=&#8220;0.3&#8243; width=&#8220;1\/1&#8243; tablet_width_inherit=&#8220;default&#8220;&#8230;<\/p>\n","protected":false},"author":1,"featured_media":0,"parent":0,"menu_order":0,"comment_status":"closed","ping_status":"closed","template":"","meta":{"footnotes":""},"class_list":["post-19","page","type-page","status-publish"],"yoast_head":"<!-- This site is optimized with the Yoast SEO plugin v27.3 - https:\/\/yoast.com\/product\/yoast-seo-wordpress\/ -->\n<title>Impressum CETONI GmbH Automatisierung und Microsysteme<\/title>\n<meta name=\"description\" content=\"Impressum CETONI GmbH Automatisierung und Microsysteme, Wiesenring 6, 07554 Korbussen, Germany, Vertreten durch: Gesch\u00e4ftsf\u00fchrer: Tilo Kunze\" \/>\n<meta name=\"robots\" content=\"noindex, follow\" \/>\n<meta property=\"og:locale\" content=\"de_DE\" \/>\n<meta property=\"og:type\" content=\"article\" \/>\n<meta property=\"og:title\" content=\"Impressum CETONI GmbH Automatisierung und Microsysteme\" \/>\n<meta property=\"og:description\" content=\"Impressum CETONI GmbH Automatisierung und Microsysteme, Wiesenring 6, 07554 Korbussen, Germany, Vertreten durch: Gesch\u00e4ftsf\u00fchrer: Tilo Kunze\" \/>\n<meta property=\"og:url\" content=\"https:\/\/cetoni.com\/de\/impressum\/\" \/>\n<meta property=\"og:site_name\" content=\"CETONI GmbH\" \/>\n<meta property=\"article:modified_time\" content=\"2023-02-12T14:05:43+00:00\" \/>\n<meta name=\"twitter:card\" content=\"summary_large_image\" \/>\n<meta name=\"twitter:label1\" content=\"Gesch\u00e4tzte Lesezeit\" \/>\n\t<meta name=\"twitter:data1\" content=\"3\u00a0Minuten\" \/>\n<script type=\"application\/ld+json\" class=\"yoast-schema-graph\">{\"@context\":\"https:\\\/\\\/schema.org\",\"@graph\":[{\"@type\":\"WebPage\",\"@id\":\"https:\\\/\\\/cetoni.com\\\/de\\\/impressum\\\/\",\"url\":\"https:\\\/\\\/cetoni.com\\\/de\\\/impressum\\\/\",\"name\":\"Impressum CETONI GmbH Automatisierung und Microsysteme\",\"isPartOf\":{\"@id\":\"https:\\\/\\\/cetoni.com\\\/de\\\/#website\"},\"datePublished\":\"2020-12-11T12:36:06+00:00\",\"dateModified\":\"2023-02-12T14:05:43+00:00\",\"description\":\"Impressum CETONI GmbH Automatisierung und Microsysteme, Wiesenring 6, 07554 Korbussen, Germany, Vertreten durch: Gesch\u00e4ftsf\u00fchrer: Tilo Kunze\",\"breadcrumb\":{\"@id\":\"https:\\\/\\\/cetoni.com\\\/de\\\/impressum\\\/#breadcrumb\"},\"inLanguage\":\"de\",\"potentialAction\":[{\"@type\":\"ReadAction\",\"target\":[\"https:\\\/\\\/cetoni.com\\\/de\\\/impressum\\\/\"]}]},{\"@type\":\"BreadcrumbList\",\"@id\":\"https:\\\/\\\/cetoni.com\\\/de\\\/impressum\\\/#breadcrumb\",\"itemListElement\":[{\"@type\":\"ListItem\",\"position\":1,\"name\":\"Startseite\",\"item\":\"https:\\\/\\\/cetoni.com\\\/de\\\/\"},{\"@type\":\"ListItem\",\"position\":2,\"name\":\"Impressum\"}]},{\"@type\":\"WebSite\",\"@id\":\"https:\\\/\\\/cetoni.com\\\/de\\\/#website\",\"url\":\"https:\\\/\\\/cetoni.com\\\/de\\\/\",\"name\":\"CETONI GmbH\",\"description\":\"Automatisierungs- und Mikrofluidikl\u00f6sungen f\u00fcr das Labor\",\"potentialAction\":[{\"@type\":\"SearchAction\",\"target\":{\"@type\":\"EntryPoint\",\"urlTemplate\":\"https:\\\/\\\/cetoni.com\\\/de\\\/?s={search_term_string}\"},\"query-input\":{\"@type\":\"PropertyValueSpecification\",\"valueRequired\":true,\"valueName\":\"search_term_string\"}}],\"inLanguage\":\"de\"}]}<\/script>\n<!-- \/ Yoast SEO plugin. -->","yoast_head_json":{"title":"Impressum CETONI GmbH Automatisierung und Microsysteme","description":"Impressum CETONI GmbH Automatisierung und Microsysteme, Wiesenring 6, 07554 Korbussen, Germany, Vertreten durch: Gesch\u00e4ftsf\u00fchrer: Tilo Kunze","robots":{"index":"noindex","follow":"follow"},"og_locale":"de_DE","og_type":"article","og_title":"Impressum CETONI GmbH Automatisierung und Microsysteme","og_description":"Impressum CETONI GmbH Automatisierung und Microsysteme, Wiesenring 6, 07554 Korbussen, Germany, Vertreten durch: Gesch\u00e4ftsf\u00fchrer: Tilo Kunze","og_url":"https:\/\/cetoni.com\/de\/impressum\/","og_site_name":"CETONI GmbH","article_modified_time":"2023-02-12T14:05:43+00:00","twitter_card":"summary_large_image","twitter_misc":{"Gesch\u00e4tzte Lesezeit":"3\u00a0Minuten"},"schema":{"@context":"https:\/\/schema.org","@graph":[{"@type":"WebPage","@id":"https:\/\/cetoni.com\/de\/impressum\/","url":"https:\/\/cetoni.com\/de\/impressum\/","name":"Impressum CETONI GmbH Automatisierung und Microsysteme","isPartOf":{"@id":"https:\/\/cetoni.com\/de\/#website"},"datePublished":"2020-12-11T12:36:06+00:00","dateModified":"2023-02-12T14:05:43+00:00","description":"Impressum CETONI GmbH Automatisierung und Microsysteme, Wiesenring 6, 07554 Korbussen, Germany, Vertreten durch: Gesch\u00e4ftsf\u00fchrer: Tilo Kunze","breadcrumb":{"@id":"https:\/\/cetoni.com\/de\/impressum\/#breadcrumb"},"inLanguage":"de","potentialAction":[{"@type":"ReadAction","target":["https:\/\/cetoni.com\/de\/impressum\/"]}]},{"@type":"BreadcrumbList","@id":"https:\/\/cetoni.com\/de\/impressum\/#breadcrumb","itemListElement":[{"@type":"ListItem","position":1,"name":"Startseite","item":"https:\/\/cetoni.com\/de\/"},{"@type":"ListItem","position":2,"name":"Impressum"}]},{"@type":"WebSite","@id":"https:\/\/cetoni.com\/de\/#website","url":"https:\/\/cetoni.com\/de\/","name":"CETONI GmbH","description":"Automatisierungs- und Mikrofluidikl\u00f6sungen f\u00fcr das Labor","potentialAction":[{"@type":"SearchAction","target":{"@type":"EntryPoint","urlTemplate":"https:\/\/cetoni.com\/de\/?s={search_term_string}"},"query-input":{"@type":"PropertyValueSpecification","valueRequired":true,"valueName":"search_term_string"}}],"inLanguage":"de"}]}},"_links":{"self":[{"href":"https:\/\/cetoni.com\/de\/wp-json\/wp\/v2\/pages\/19","targetHints":{"allow":["GET"]}}],"collection":[{"href":"https:\/\/cetoni.com\/de\/wp-json\/wp\/v2\/pages"}],"about":[{"href":"https:\/\/cetoni.com\/de\/wp-json\/wp\/v2\/types\/page"}],"author":[{"embeddable":true,"href":"https:\/\/cetoni.com\/de\/wp-json\/wp\/v2\/users\/1"}],"replies":[{"embeddable":true,"href":"https:\/\/cetoni.com\/de\/wp-json\/wp\/v2\/comments?post=19"}],"version-history":[{"count":0,"href":"https:\/\/cetoni.com\/de\/wp-json\/wp\/v2\/pages\/19\/revisions"}],"wp:attachment":[{"href":"https:\/\/cetoni.com\/de\/wp-json\/wp\/v2\/media?parent=19"}],"curies":[{"name":"wp","href":"https:\/\/api.w.org\/{rel}","templated":true}]}}