{"id":1730,"date":"2021-02-03T13:58:38","date_gmt":"2021-02-03T12:58:38","guid":{"rendered":"https:\/\/cobomation.de\/?page_id=1730"},"modified":"2021-02-03T14:22:55","modified_gmt":"2021-02-03T13:22:55","slug":"datenschutzerklaerung-cetoni-bewerbungen","status":"publish","type":"page","link":"https:\/\/cetoni.com\/de\/datenschutzerklaerung-cetoni-bewerbungen\/","title":{"rendered":"Datenschutzerkl\u00e4rung der CETONI GmbH zu Bewerbungen"},"content":{"rendered":"[vc_row type=&#8220;full_width_content&#8220; full_screen_row_position=&#8220;middle&#8220; column_margin=&#8220;none&#8220; column_direction=&#8220;default&#8220; column_direction_tablet=&#8220;default&#8220; column_direction_phone=&#8220;default&#8220; scene_position=&#8220;center&#8220; text_color=&#8220;dark&#8220; text_align=&#8220;left&#8220; row_border_radius=&#8220;none&#8220; row_border_radius_applies=&#8220;bg&#8220; overlay_strength=&#8220;0.3&#8243; gradient_direction=&#8220;left_to_right&#8220; shape_divider_position=&#8220;bottom&#8220; bg_image_animation=&#8220;none&#8220; shape_type=&#8220;&#8220;][vc_column column_padding=&#8220;padding-4-percent&#8220; column_padding_tablet=&#8220;inherit&#8220; column_padding_phone=&#8220;inherit&#8220; column_padding_position=&#8220;all&#8220; background_color_opacity=&#8220;1&#8243; background_hover_color_opacity=&#8220;1&#8243; column_shadow=&#8220;none&#8220; column_border_radius=&#8220;none&#8220; column_link_target=&#8220;_self&#8220; gradient_direction=&#8220;left_to_right&#8220; overlay_strength=&#8220;0.3&#8243; width=&#8220;1\/1&#8243; tablet_width_inherit=&#8220;default&#8220; tablet_text_alignment=&#8220;default&#8220; phone_text_alignment=&#8220;default&#8220; column_border_width=&#8220;none&#8220; column_border_style=&#8220;solid&#8220; bg_image_animation=&#8220;none&#8220;][vc_column_text]\n<h2>Datenschutzerkl\u00e4rung der CETONI GmbH zu Bewerbungen<\/h2>\n<p>Wir freuen uns, dass Sie sich bei der uns bewerben m\u00f6chten. Im Folgenden erkl\u00e4ren wir, wie wir Ihre personenbezogenen Daten im Rahmen einer Bewerbung verarbeiten und halten weitere in diesem Zusammenhang relevante Informationen bereit.<\/p>\n<h3>1. Wer ist verantwortlich f\u00fcr die Verarbeitung Ihrer personenbezogenen Daten<\/h3>\n<p>Die CETONI GmbH, Wiesenring 6, 07554 Korbussen (im Folgenden als \u201ewir\u201c bezeichnet, ist Verantwortlicher im Sinne der EU Datenschutz-Grundverordnung (\u201eDSGVO\u201c).<\/p>\n<h3>2. F\u00fcr welche Zwecke und auf welcher Rechtsgrundlage verarbeiten wir personenbezogene Daten?<\/h3>\n<p>Wir verarbeiten personenbezogene Daten \u00fcber Sie f\u00fcr den Zweck Ihrer Bewerbung f\u00fcr ein Besch\u00e4ftigungsverh\u00e4ltnis, soweit dies f\u00fcr die Entscheidung \u00fcber die Begr\u00fcndung eines Besch\u00e4ftigungsverh\u00e4ltnisses mit uns erforderlich ist. Rechtsgrundlage ist dabei \u00a7 26 Abs. 1 i.V.m Abs. 8 S. 2 BDSG.<\/p>\n<p>Weiterhin k\u00f6nnen wir personenbezogene Daten \u00fcber Sie verarbeiten, soweit dies zur Abwehr von geltend gemachten Rechtsanspr\u00fcchen aus dem Bewerbungsverfahren gegen uns erforderlich ist. Rechtsgrundlage ist dabei Art. 6 Abs. 1, Buchstabe f DSGVO, das berechtigte Interesse ist beispielsweise eine Beweispflicht in einem Verfahren nach dem Allgemeinen Gleichbehandlungsgesetz (AGG).<\/p>\n<p>Soweit es zu einem Besch\u00e4ftigungsverh\u00e4ltnis zwischen Ihnen und uns kommt, k\u00f6nnen wir gem\u00e4\u00df \u00a7 26 Abs. 1 BDSG die bereits von Ihnen erhaltenen personenbezogenen Daten f\u00fcr Zwecke des Besch\u00e4ftigungsverh\u00e4ltnisses weiterverarbeiten, wenn dies f\u00fcr die Durchf\u00fchrung oder Beendigung des Besch\u00e4ftigungsverh\u00e4ltnisses oder zur Aus\u00fcbung oder Erf\u00fcllung der sich aus einem Gesetz oder einem Tarifvertrag, einer Betriebs- oder Dienstvereinbarung (Kollektivvereinbarung) ergebenden Rechte und Pflichten der Interessenvertretung der Besch\u00e4ftigten erforderlich ist.<\/p>\n<h3>3. Welche Kategorien personenbezogener Daten verarbeiten wir?<\/h3>\n<p>Wir verarbeiten Daten, die mit Ihrer Bewerbung in Zusammenhang stehen. Dies k\u00f6nnen allgemeine Daten zu Ihrer Person (wie Namen, Anschrift und Kontaktdaten), Angaben zu Ihrer zur beruflichen Qualifikation und Schulausbildung oder Angaben zur beruflichen Weiterbildung sein oder andere Angaben, die Sie uns im Zusammenhang mit Ihrer Bewerbung \u00fcbermitteln.<\/p>\n<p>Im \u00dcbrigen k\u00f6nnen wir von Ihnen \u00f6ffentlich zug\u00e4nglich gemachte, berufsbezogene Informationen verarbeiten, wie beispielsweise ein Profil bei beruflichen Social Media Netzwerken.<\/p>\n<h3>4. Welche Kategorien von Empf\u00e4ngern Daten gibt es?<\/h3>\n<p>Wir k\u00f6nnen Ihre personenbezogenen Daten an mit uns verbundene Unternehmen \u00fcbermitteln, soweit dies im Rahmen der unter Ziff. 3 dargelegten Zwecke und Rechtsgrundlagen zul\u00e4ssig ist. Im \u00dcbrigen werden personenbezogene Daten in unserem Auftrag auf Basis von Vertr\u00e4gen nach Art. 28 DSGVO verarbeitet, dies insbesondere durch Hostprovider oder Anbieter von Bewerbermanagementsystemen.<\/p>\n<h3>5. Ist die \u00dcbermittlung in ein Drittland beabsichtigt?<\/h3>\n<p>Eine \u00dcbermittlung in ein Drittland ist nicht beabsichtigt.<\/p>\n<h3>6. Wie lange werden Ihre Daten gespeichert?<\/h3>\n<p>Wir speichern Ihre personenbezogenen Daten, solange wie dies \u00fcber die Entscheidung \u00fcber Ihre Bewerbung erforderlich ist. Soweit ein Besch\u00e4ftigungsverh\u00e4ltnis zwischen Ihnen und uns nicht zustande kommt, k\u00f6nnen wir dar\u00fcber hinaus noch Daten weiter speichern, soweit dies zur Verteidigung gegen m\u00f6gliche Rechtsanspr\u00fcche erforderlich ist. Dabei werden die Bewerbungsunterlagen zwei Monate nach Bekanntgabe der Absageentscheidung gel\u00f6scht, sofern nicht eine l\u00e4ngere Speicherung aufgrund von Rechtsstreitigkeiten erforderlich ist.<\/p>\n<h3>7. Welche Rechte haben Sie?<\/h3>\n<p>Als Bewerber bei uns haben Sie je nach der Situation im Einzelfall folgende Datenschutzrechte, zu deren Aus\u00fcbung Sie uns jederzeit unter der in Ziff. 1und 2 genannten Daten kontaktieren k\u00f6nnen:<\/p>\n<ul>\n<li><b>a.<\/b>\u00a0Auskunft Sie haben das Recht, Auskunft \u00fcber Ihre bei uns verarbeiteten personenbezogenen Daten zu erhalten sowie Zugang zu Ihren personenbezogenen Daten und\/oder Kopien dieser Daten zu verlangen. Dies schlie\u00dft Ausk\u00fcnfte \u00fcber den Zweck der Nutzung, die Kategorie der genutzten Daten, deren Empf\u00e4nger und Zugriffsberechtigte sowie, falls m\u00f6glich, die geplante Dauer der Datenspeicherung oder, falls dies nicht m\u00f6glich ist, die Kriterien f\u00fcr die Festlegung dieser Dauer, ein;<\/li>\n<li><b>b<\/b>. Berichtigung, L\u00f6schung oder Einschr\u00e4nkung der Verarbeitung Sie haben das Recht, von uns unverz\u00fcglich die Berichtigung Sie betreffender unrichtiger personenbezogener Daten zu verlangen. Unter Ber\u00fccksichtigung der Zwecke der Verarbeitung haben Sie das Recht, die Vervollst\u00e4ndigung unvollst\u00e4ndiger personenbezogener Daten \u2013 auch mittels einer erg\u00e4nzenden Erkl\u00e4rung \u2013 zu verlangen.<\/li>\n<li><b>c.<\/b>\u00a0Widerspruchsrecht Soweit die Verarbeitung Sie betreffender personenbezogener Daten aufgrund von Art. 6 Abs 1 Buchstabe f DSGVO erfolgt, haben Sie das Recht, aus Gr\u00fcnden, die sich aus Ihrer besonderen Situation ergeben, jederzeit Widerspruch gegen die Verarbeitung dieser Daten einzulegen. Wir verarbeiten diese personenbezogenen Daten dann nicht mehr, es sei denn, wir k\u00f6nnen zwingende schutzw\u00fcrdige Gr\u00fcnde f\u00fcr die Verarbeitung nachweisen, die Ihre Interessen, Rechte und Freiheiten \u00fcberwiegen, oder die Verarbeitung dient der Geltendmachung, Aus\u00fcbung oder Verteidigung von Rechtsanspr\u00fcchen.<\/li>\n<li><b>d.<\/b>\u00a0Widerrufsrecht Wenn die Verarbeitung auf einer Einwilligung beruht, haben Sie das Rechts, die Einwilligung jederzeit zu widerrufen, ohne dass die Rechtm\u00e4\u00dfigkeit der aufgrund der Einwilligung bis zum Widerruf erfolgten Verarbeitung ber\u00fchrt wird. Hierzu k\u00f6nnen Sie uns oder unsere\/n Datenschutzbeauftragten jederzeit unter den oben genannten Daten kontaktieren.<\/li>\n<li style=\"border-bottom: none!important;\"><b>e.<\/b>\u00a0Recht auf L\u00f6schung Sie haben das Recht, von uns zu verlangen, dass Sie betreffende personenbezogene Daten unverz\u00fcglich gel\u00f6scht werden, und wir sind verpflichtet, personenbezogene Daten unverz\u00fcglich zu l\u00f6schen, sofern einer der folgenden Gr\u00fcnde zutrifft:\n<ul style=\"border-bottom: none!important;\">\n<li>Die personenbezogenen Daten sind f\u00fcr die Zwecke, f\u00fcr die sie erhoben oder auf sonstige Weise verarbeitet wurden, nicht mehr notwendig<\/li>\n<li>Sie legen gem\u00e4\u00df obiger Nummer 7.c Widerspruch gegen die Verarbeitung ein und es liegen keine vorrangigen berechtigten Gr\u00fcnde f\u00fcr die Verarbeitung vor.<\/li>\n<li>Die personenbezogenen Daten wurden unrechtm\u00e4\u00dfig verarbeitet.<\/li>\n<li style=\"border-bottom: none!important;\">Die L\u00f6schung der personenbezogenen Daten ist zur Erf\u00fcllung einer rechtlichen Verpflichtung nach dem Unionsrecht oder dem Recht der Mitgliedstaaten erforderlich, dem wir unterliegen. Dies gilt nicht, soweit die Verarbeitung erforderlich ist:\n<ul style=\"border-bottom: none!important;\">\n<li>zur Erf\u00fcllung einer rechtlichen Verpflichtung, die die Verarbeitung nach dem Recht der Union oder der Mitgliedstaaten, dem wir unterliegen, erfordert.<\/li>\n<li>zur Geltendmachung, Aus\u00fcbung oder Verteidigung von Rechtsanspr\u00fcchen.<\/li>\n<\/ul>\n<\/li>\n<\/ul>\n<\/li>\n<li><b>f.<\/b>\u00a0Recht auf Einschr\u00e4nkung der Verarbeitung Sie haben das Recht, von uns die Einschr\u00e4nkung der Verarbeitung zu verlangen, wenn eine der folgenden Voraussetzungen gegeben ist:\n<ul>\n<li>die Richtigkeit der personenbezogenen Daten von Ihnen bestritten wird, und zwar f\u00fcr eine Dauer, die es uns erm\u00f6glicht, die Richtigkeit der personenbezogenen Daten zu \u00fcberpr\u00fcfen,<\/li>\n<li>die Verarbeitung unrechtm\u00e4\u00dfig ist und Sie die L\u00f6schung der personenbezogenen Daten ablehnen und stattdessen die Einschr\u00e4nkung der Nutzung der personenbezogenen Daten verlangen;<\/li>\n<li>wir die personenbezogenen Daten f\u00fcr die Zwecke der Verarbeitung nicht l\u00e4nger ben\u00f6tigen, Sie sie jedoch zur Geltendmachung, Aus\u00fcbung oder Verteidigung von Rechtsanspr\u00fcchen ben\u00f6tigen, oder<\/li>\n<li>Sie Widerspruch gegen die Verarbeitung gem\u00e4\u00df obiger Nummer 7.c eingelegt haben, solange noch nicht feststeht, ob unsere berechtigten Gr\u00fcnde gegen\u00fcber den Ihrigen \u00fcberwiegen.<\/li>\n<\/ul>\n<p>Wurde die Verarbeitung gem\u00e4\u00df diesem Buchstaben f eingeschr\u00e4nkt, so d\u00fcrfen diese personenbezogenen Daten \u2013 von ihrer Speicherung abgesehen \u2013 nur mit Ihrer Einwilligung oder zur Geltendmachung, Aus\u00fcbung oder Verteidigung von Rechtsanspr\u00fcchen oder zum Schutz der Rechte einer anderen nat\u00fcrlichen oder juristischen Person oder aus Gr\u00fcnden eines wichtigen \u00f6ffentlichen Interesses der Union oder eines Mitgliedstaats verarbeitet werden. Haben Sie eine Einschr\u00e4nkung der Verarbeitung erwirkt, werden wir Sie unterrichten, bevor die Einschr\u00e4nkung aufgehoben wird.<\/li>\n<li><b>g.<\/b>\u00a0Beschwerderecht Sie haben unbeschadet eines anderweitigen verwaltungsrechtlichen oder gerichtlichen Rechtsbehelfs das Recht auf Beschwerde bei einer Aufsichtsbeh\u00f6rde, insbesondere in dem Mitgliedstaat Ihres Aufenthaltsorts, Ihres Arbeitsplatzes oder des Orts des mutma\u00dflichen Versto\u00dfes, wenn Sie der Ansicht sind, dass die Verarbeitung der Sie betreffenden personenbezogenen Daten gegen die DSGVO verst\u00f6\u00dft.<\/li>\n<\/ul>\n<h3>8. Erforderlichkeit des Bereitstellens personenbezogener Daten<\/h3>\n<p>Die Bereitstellung personenbezogener Daten ist weder gesetzlich noch vertraglich vorgeschrieben, noch sind Sie verpflichtet, die personenbezogene Daten bereitzustellen. Allerdings ist die Bereitstellung personenbezogener Daten f\u00fcr einen Vertragsabschluss \u00fcber ein Besch\u00e4ftigungsverh\u00e4ltnis mit uns erforderlich. Das hei\u00dft, soweit Sie uns keine personenbezogenen Daten bei einer Bewerbung bereitstellen, werden wir kein Besch\u00e4ftigungsverh\u00e4ltnis mit Ihnen eingehen.[\/vc_column_text][\/vc_column][\/vc_row]\n","protected":false},"excerpt":{"rendered":"<p>[vc_row type=&#8220;full_width_content&#8220; full_screen_row_position=&#8220;middle&#8220; column_margin=&#8220;none&#8220; column_direction=&#8220;default&#8220; column_direction_tablet=&#8220;default&#8220; column_direction_phone=&#8220;default&#8220; scene_position=&#8220;center&#8220; text_color=&#8220;dark&#8220; text_align=&#8220;left&#8220; row_border_radius=&#8220;none&#8220; row_border_radius_applies=&#8220;bg&#8220; overlay_strength=&#8220;0.3&#8243; gradient_direction=&#8220;left_to_right&#8220; shape_divider_position=&#8220;bottom&#8220; bg_image_animation=&#8220;none&#8220; shape_type=&#8220;&#8220;][vc_column column_padding=&#8220;padding-4-percent&#8220; column_padding_tablet=&#8220;inherit&#8220; column_padding_phone=&#8220;inherit&#8220; column_padding_position=&#8220;all&#8220; background_color_opacity=&#8220;1&#8243; background_hover_color_opacity=&#8220;1&#8243; column_shadow=&#8220;none&#8220; column_border_radius=&#8220;none&#8220; column_link_target=&#8220;_self&#8220; gradient_direction=&#8220;left_to_right&#8220; overlay_strength=&#8220;0.3&#8243; width=&#8220;1\/1&#8243; tablet_width_inherit=&#8220;default&#8220;&#8230;<\/p>\n","protected":false},"author":1,"featured_media":0,"parent":0,"menu_order":0,"comment_status":"closed","ping_status":"closed","template":"","meta":{"footnotes":""},"class_list":["post-1730","page","type-page","status-publish"],"yoast_head":"<!-- This site is optimized with the Yoast SEO plugin v27.4 - https:\/\/yoast.com\/product\/yoast-seo-wordpress\/ -->\n<title>Datenschutzerkl\u00e4rung der CETONI GmbH zu Bewerbungen - CETONI GmbH<\/title>\n<meta name=\"description\" content=\"Wir freuen uns, dass Sie sich bei der uns bewerben m\u00f6chten. Im Folgenden erkl\u00e4ren wir, wie wir Ihre personenbezogenen Daten im Rahmen einer\" \/>\n<meta name=\"robots\" content=\"index, follow, max-snippet:-1, max-image-preview:large, max-video-preview:-1\" \/>\n<link rel=\"canonical\" href=\"https:\/\/cetoni.com\/de\/datenschutzerklaerung-cetoni-bewerbungen\/\" \/>\n<meta property=\"og:locale\" content=\"de_DE\" \/>\n<meta property=\"og:type\" content=\"article\" \/>\n<meta property=\"og:title\" content=\"Datenschutzerkl\u00e4rung der CETONI GmbH zu Bewerbungen - CETONI GmbH\" \/>\n<meta property=\"og:description\" content=\"Wir freuen uns, dass Sie sich bei der uns bewerben m\u00f6chten. Im Folgenden erkl\u00e4ren wir, wie wir Ihre personenbezogenen Daten im Rahmen einer\" \/>\n<meta property=\"og:url\" content=\"https:\/\/cetoni.com\/de\/datenschutzerklaerung-cetoni-bewerbungen\/\" \/>\n<meta property=\"og:site_name\" content=\"CETONI GmbH\" \/>\n<meta property=\"article:modified_time\" content=\"2021-02-03T13:22:55+00:00\" \/>\n<meta name=\"twitter:card\" content=\"summary_large_image\" \/>\n<meta name=\"twitter:label1\" content=\"Gesch\u00e4tzte Lesezeit\" \/>\n\t<meta name=\"twitter:data1\" content=\"6\u00a0Minuten\" \/>\n<script type=\"application\/ld+json\" class=\"yoast-schema-graph\">{\"@context\":\"https:\\\/\\\/schema.org\",\"@graph\":[{\"@type\":\"WebPage\",\"@id\":\"https:\\\/\\\/cetoni.com\\\/de\\\/datenschutzerklaerung-cetoni-bewerbungen\\\/\",\"url\":\"https:\\\/\\\/cetoni.com\\\/de\\\/datenschutzerklaerung-cetoni-bewerbungen\\\/\",\"name\":\"Datenschutzerkl\u00e4rung der CETONI GmbH zu Bewerbungen - CETONI GmbH\",\"isPartOf\":{\"@id\":\"https:\\\/\\\/cetoni.com\\\/de\\\/#website\"},\"datePublished\":\"2021-02-03T12:58:38+00:00\",\"dateModified\":\"2021-02-03T13:22:55+00:00\",\"description\":\"Wir freuen uns, dass Sie sich bei der uns bewerben m\u00f6chten. Im Folgenden erkl\u00e4ren wir, wie wir Ihre personenbezogenen Daten im Rahmen einer\",\"breadcrumb\":{\"@id\":\"https:\\\/\\\/cetoni.com\\\/de\\\/datenschutzerklaerung-cetoni-bewerbungen\\\/#breadcrumb\"},\"inLanguage\":\"de\",\"potentialAction\":[{\"@type\":\"ReadAction\",\"target\":[\"https:\\\/\\\/cetoni.com\\\/de\\\/datenschutzerklaerung-cetoni-bewerbungen\\\/\"]}]},{\"@type\":\"BreadcrumbList\",\"@id\":\"https:\\\/\\\/cetoni.com\\\/de\\\/datenschutzerklaerung-cetoni-bewerbungen\\\/#breadcrumb\",\"itemListElement\":[{\"@type\":\"ListItem\",\"position\":1,\"name\":\"Startseite\",\"item\":\"https:\\\/\\\/cetoni.com\\\/de\\\/\"},{\"@type\":\"ListItem\",\"position\":2,\"name\":\"Datenschutzerkl\u00e4rung der CETONI GmbH zu Bewerbungen\"}]},{\"@type\":\"WebSite\",\"@id\":\"https:\\\/\\\/cetoni.com\\\/de\\\/#website\",\"url\":\"https:\\\/\\\/cetoni.com\\\/de\\\/\",\"name\":\"CETONI GmbH\",\"description\":\"Automatisierungs- und Mikrofluidikl\u00f6sungen f\u00fcr das Labor\",\"potentialAction\":[{\"@type\":\"SearchAction\",\"target\":{\"@type\":\"EntryPoint\",\"urlTemplate\":\"https:\\\/\\\/cetoni.com\\\/de\\\/?s={search_term_string}\"},\"query-input\":{\"@type\":\"PropertyValueSpecification\",\"valueRequired\":true,\"valueName\":\"search_term_string\"}}],\"inLanguage\":\"de\"}]}<\/script>\n<!-- \/ Yoast SEO plugin. -->","yoast_head_json":{"title":"Datenschutzerkl\u00e4rung der CETONI GmbH zu Bewerbungen - CETONI GmbH","description":"Wir freuen uns, dass Sie sich bei der uns bewerben m\u00f6chten. Im Folgenden erkl\u00e4ren wir, wie wir Ihre personenbezogenen Daten im Rahmen einer","robots":{"index":"index","follow":"follow","max-snippet":"max-snippet:-1","max-image-preview":"max-image-preview:large","max-video-preview":"max-video-preview:-1"},"canonical":"https:\/\/cetoni.com\/de\/datenschutzerklaerung-cetoni-bewerbungen\/","og_locale":"de_DE","og_type":"article","og_title":"Datenschutzerkl\u00e4rung der CETONI GmbH zu Bewerbungen - CETONI GmbH","og_description":"Wir freuen uns, dass Sie sich bei der uns bewerben m\u00f6chten. Im Folgenden erkl\u00e4ren wir, wie wir Ihre personenbezogenen Daten im Rahmen einer","og_url":"https:\/\/cetoni.com\/de\/datenschutzerklaerung-cetoni-bewerbungen\/","og_site_name":"CETONI GmbH","article_modified_time":"2021-02-03T13:22:55+00:00","twitter_card":"summary_large_image","twitter_misc":{"Gesch\u00e4tzte Lesezeit":"6\u00a0Minuten"},"schema":{"@context":"https:\/\/schema.org","@graph":[{"@type":"WebPage","@id":"https:\/\/cetoni.com\/de\/datenschutzerklaerung-cetoni-bewerbungen\/","url":"https:\/\/cetoni.com\/de\/datenschutzerklaerung-cetoni-bewerbungen\/","name":"Datenschutzerkl\u00e4rung der CETONI GmbH zu Bewerbungen - CETONI GmbH","isPartOf":{"@id":"https:\/\/cetoni.com\/de\/#website"},"datePublished":"2021-02-03T12:58:38+00:00","dateModified":"2021-02-03T13:22:55+00:00","description":"Wir freuen uns, dass Sie sich bei der uns bewerben m\u00f6chten. Im Folgenden erkl\u00e4ren wir, wie wir Ihre personenbezogenen Daten im Rahmen einer","breadcrumb":{"@id":"https:\/\/cetoni.com\/de\/datenschutzerklaerung-cetoni-bewerbungen\/#breadcrumb"},"inLanguage":"de","potentialAction":[{"@type":"ReadAction","target":["https:\/\/cetoni.com\/de\/datenschutzerklaerung-cetoni-bewerbungen\/"]}]},{"@type":"BreadcrumbList","@id":"https:\/\/cetoni.com\/de\/datenschutzerklaerung-cetoni-bewerbungen\/#breadcrumb","itemListElement":[{"@type":"ListItem","position":1,"name":"Startseite","item":"https:\/\/cetoni.com\/de\/"},{"@type":"ListItem","position":2,"name":"Datenschutzerkl\u00e4rung der CETONI GmbH zu Bewerbungen"}]},{"@type":"WebSite","@id":"https:\/\/cetoni.com\/de\/#website","url":"https:\/\/cetoni.com\/de\/","name":"CETONI GmbH","description":"Automatisierungs- und Mikrofluidikl\u00f6sungen f\u00fcr das Labor","potentialAction":[{"@type":"SearchAction","target":{"@type":"EntryPoint","urlTemplate":"https:\/\/cetoni.com\/de\/?s={search_term_string}"},"query-input":{"@type":"PropertyValueSpecification","valueRequired":true,"valueName":"search_term_string"}}],"inLanguage":"de"}]}},"_links":{"self":[{"href":"https:\/\/cetoni.com\/de\/wp-json\/wp\/v2\/pages\/1730","targetHints":{"allow":["GET"]}}],"collection":[{"href":"https:\/\/cetoni.com\/de\/wp-json\/wp\/v2\/pages"}],"about":[{"href":"https:\/\/cetoni.com\/de\/wp-json\/wp\/v2\/types\/page"}],"author":[{"embeddable":true,"href":"https:\/\/cetoni.com\/de\/wp-json\/wp\/v2\/users\/1"}],"replies":[{"embeddable":true,"href":"https:\/\/cetoni.com\/de\/wp-json\/wp\/v2\/comments?post=1730"}],"version-history":[{"count":0,"href":"https:\/\/cetoni.com\/de\/wp-json\/wp\/v2\/pages\/1730\/revisions"}],"wp:attachment":[{"href":"https:\/\/cetoni.com\/de\/wp-json\/wp\/v2\/media?parent=1730"}],"curies":[{"name":"wp","href":"https:\/\/api.w.org\/{rel}","templated":true}]}}